{"id":1013,"date":"2025-11-21T14:16:30","date_gmt":"2025-11-21T11:16:30","guid":{"rendered":"https:\/\/dariapureschool.com\/about\/"},"modified":"2025-11-24T13:13:33","modified_gmt":"2025-11-24T10:13:33","slug":"par-skolu","status":"publish","type":"page","link":"https:\/\/dariapureschool.com\/lv\/par-skolu\/","title":{"rendered":"Par skolu"},"content":{"rendered":"\r\n<p>&nbsp;<\/p>\r\n<p>&nbsp;<\/p>\r\n<p>&nbsp;<\/p>\r\n<p><style>\r\n        .about-block-full {\r\n            width: 100%;\r\n            max-width: 100%;\r\n            margin: 0 auto;\r\n        }\r\n        .about-block-inner {\r\n            width: 100%;\r\n            max-width: 1320px;\r\n            margin: 0 auto;\r\n            padding: 0;\r\n            box-sizing: border-box;\r\n        }\r\n        .about-hero {\r\n            margin-top: 30px;\r\n        }\r\n        .about-hero .full-img {\r\n            position: relative;\r\n        }\r\n        .about-hero .full-img img {\r\n            width: 100%;\r\n            display: block;\r\n            border-radius: 16px;\r\n        }\r\n        .about-hero .hero-overlay {\r\n            position: absolute;\r\n            bottom: 30px;\r\n            left: 30px;\r\n            width: min(100%, 480px);\r\n            background: #fff;\r\n            border-radius: 12px;\r\n            padding: 20px 24px;\r\n            font-size: 18px;\r\n            line-height: 1.4;\r\n            color: #1E1819;\r\n            font-weight: 500;\r\n            text-align: left;\r\n            box-shadow: 0 10px 25px rgba(0, 0, 0, 0.12);\r\n        }\r\n        .about-hero .hero-overlay-title {\r\n            display: block;\r\n            font-size: 36px;\r\n            line-height: 1.1;\r\n            margin-bottom: 20px;\r\n            font-weight: 600;\r\n        }\r\n        .about-hero .hero-overlay-description {\r\n            display: block;\r\n        }\r\n        .about-hero .hero-overlay-description p {\r\n            margin: 0 0 12px;\r\n        }\r\n        .about-hero .hero-overlay-description p:last-child {\r\n            margin-bottom: 0;\r\n        }\r\n        .about-hero .hero-overlay-signature {\r\n            margin-top: 16px;\r\n            padding-top: 16px;\r\n            border-top: 1px solid rgba(30, 24, 25, 0.1);\r\n        }\r\n        .about-hero .hero-overlay-signature-title {\r\n            font-size: 14px;\r\n            line-height: 1.4;\r\n            color: #656565;\r\n            margin-bottom: 4px;\r\n        }\r\n        .about-hero .hero-overlay-signature-name {\r\n            font-size: 18px;\r\n            line-height: 1.4;\r\n            font-weight: 600;\r\n            color: #1E1819;\r\n        }\r\n        .about-hero .about-block-inner {\r\n            margin-bottom: 20px;\r\n        }\r\n        .about-section {\r\n            background: #fff;\r\n            border-radius: 16px;\r\n            padding: 30px;\r\n            margin: 0 0 20px;\r\n        }\r\n        .about-feature {\r\n            display: flex;\r\n            flex-wrap: wrap;\r\n            gap: 20px;\r\n            align-items: center;\r\n        }\r\n        .about-feature-image,\r\n        .about-feature-content {\r\n            flex: 0 0 calc(50% - 10px);\r\n            box-sizing: border-box;\r\n        }\r\n        .about-feature-content {\r\n            width: 100%;\r\n            max-width: 460px;\r\n            margin: 0 auto;\r\n            display: flex;\r\n            flex-direction: column;\r\n            align-items: center;\r\n            justify-content: center;\r\n            text-align: center;\r\n        }\r\n        .about-feature-image {\r\n            width: calc(50% - 10px);\r\n            display: flex;\r\n            justify-content: flex-start;\r\n        }\r\n        .about-feature-photo {\r\n            width: 100%;\r\n            height: 260px;\r\n            object-fit: cover;\r\n            border-radius: 12px;\r\n            display: block;\r\n        }\r\n        .about-feature-title {\r\n            font-size: 28px;\r\n            line-height: 1.2;\r\n            font-weight: 600;\r\n            margin: 0 0 16px;\r\n            text-align: center;\r\n        }\r\n        .about-feature-text {\r\n            font-size: 18px;\r\n            line-height: 1.5;\r\n            color: #1E1819;\r\n            margin: 0;\r\n            text-align: center;\r\n        }\r\n        @media (max-width: 820px) {\r\n            .about-section {\r\n                padding: 20px;\r\n                border-radius: 12px;\r\n            }\r\n            .about-feature-title {\r\n                font-size: 24px;\r\n            }\r\n            .about-feature-image,\r\n            .about-feature-content {\r\n                flex: 0 0 100%;\r\n                width: 100%;\r\n            }\r\n            .about-feature-photo {\r\n                height: 220px;\r\n                max-width: 100%;\r\n            }\r\n            .about-hero .hero-overlay {\r\n                position: static;\r\n                width: 100%;\r\n                margin: 12px 0 0;\r\n                padding: 16px 18px;\r\n                font-size: 18px;\r\n                box-shadow: none;\r\n                text-align: center;\r\n            }\r\n            .about-hero .hero-overlay-title {\r\n                font-size: 28px;\r\n                margin-bottom: 8px;\r\n                text-align: center;\r\n            }\r\n            .about-hero .hero-overlay-description {\r\n                text-align: center;\r\n            }\r\n            .about-hero .hero-overlay-description p {\r\n                text-align: center;\r\n            }\r\n            .about-hero .hero-overlay-signature {\r\n                margin-top: 12px;\r\n                padding-top: 12px;\r\n                text-align: center;\r\n            }\r\n            .about-hero .hero-overlay-signature-title {\r\n                font-size: 13px;\r\n                text-align: center;\r\n            }\r\n            .about-hero .hero-overlay-signature-name {\r\n                font-size: 16px;\r\n                text-align: center;\r\n            }\r\n        }\r\n    <\/style><\/p>\r\n<div class=\"wrapper\">\r\n<div class=\"about-block-full about-hero\">\r\n<div class=\"about-block-inner\">\r\n<div class=\"full-img\"><picture> <source srcset=\"\/wp-content\/uploads\/2025\/11\/daria-pure-school-about-right.webp\" media=\"(min-width: 821px)\" \/> <img decoding=\"async\" src=\"\/wp-content\/uploads\/2025\/11\/daria-pure-school-about.webp\" alt=\"Daria Pure School\" \/> <\/picture>\r\n<div class=\"hero-overlay\">\r\n<div class=\"hero-overlay-title\">Daria Pure School<\/div>\r\n<div class=\"hero-overlay-description\">\r\n<p>M\u016bsu skola jau daudzus gadus pal\u012bdz studentiem p\u0101rliecino\u0161i apg\u016bt norv\u0113\u0123u valodu, atrast savu vietu Norv\u0113\u0123ij\u0101 un virz\u012bties uz saviem m\u0113r\u0137iem bez \u0161aub\u0101m un bail\u0113m.<\/p>\r\n<p>M\u0113s m\u0101cam t\u0101, lai zin\u0101\u0161anas k\u013c\u016btu par dro\u0161u atbalstu ikdien\u0101, darb\u0101 un sazi\u0146\u0101, un lai ce\u013c\u0161 uz priek\u0161u b\u016btu skaidrs un sasniedzams.<\/p>\r\n<\/div>\r\n<div class=\"hero-overlay-signature\">\r\n<div class=\"hero-overlay-signature-title\">Skolas vad\u012bt\u0101ja un dibin\u0101t\u0101ja<\/div>\r\n<div class=\"hero-overlay-signature-name\">DARIA PURE<\/div>\r\n<\/div>\r\n<\/div>\r\n<\/div>\r\n<\/div>\r\n<\/div>\r\n<div class=\"about-block-full\">\r\n<div class=\"about-block-inner\">\r\n<section class=\"about-section\">\r\n<div class=\"about-feature\">\r\n<div class=\"about-feature-image\"><img decoding=\"async\" class=\"about-feature-photo\" src=\"\/wp-content\/uploads\/2025\/11\/pure-school-history-office-photo.webp\" alt=\"\u041e\u043f\u044b\u0442 \u0441 2007 \u0433\u043e\u0434\u0430\" \/><\/div>\r\n<div class=\"about-feature-content\">\r\n<h2 class=\"about-feature-title\">Pieredze kop\u0161 2007. gada<\/h2>\r\n<p class=\"about-feature-text\">M\u016bsu skola darbojas kop\u0161 2007. gada un specializ\u0113jas norv\u0113\u0123u valodas apm\u0101c\u012bb\u0101 krievvalod\u012bgajiem un latvie\u0161valod\u012bgajiem studentiem.<\/p>\r\n<\/div>\r\n<\/div>\r\n<\/section>\r\n<\/div>\r\n<\/div>\r\n<div class=\"about-block-full\">\r\n<div class=\"about-block-inner\">\r\n<section class=\"about-section\">\r\n<div class=\"about-feature\">\r\n<div class=\"about-feature-image\"><img decoding=\"async\" class=\"about-feature-photo\" src=\"\/wp-content\/uploads\/2025\/11\/certificate-gold-membership-pure-school-2024.webp\" alt=\"\u0410\u043a\u043a\u0440\u0435\u0434\u0438\u0442\u0430\u0446\u0438\u044f \u0448\u043a\u043e\u043b\u044b\" \/><\/div>\r\n<div class=\"about-feature-content\">\r\n<h2 class=\"about-feature-title\">Akredit\u0113ta Norv\u0113\u0123ijas valst\u012b<\/h2>\r\n<p class=\"about-feature-text\">2024. gada j\u016blij\u0101 m\u0113s sa\u0146\u0113m\u0101m akredit\u0101ciju no Norv\u0113\u0123ijas Augst\u0101k\u0101s izgl\u012bt\u012bbas un kompetences direktor\u0101ta, kas apliecina m\u016bsu programmu kvalit\u0101ti un atbilst\u012bbu Norv\u0113\u0123ijas izgl\u012bt\u012bbas standartiem.<\/p>\r\n<\/div>\r\n<\/div>\r\n<\/section>\r\n<\/div>\r\n<\/div>\r\n<div class=\"about-block-full\">\r\n<div class=\"about-block-inner\">\r\n<section class=\"about-section\">\r\n<div class=\"about-feature\">\r\n<div class=\"about-feature-image\"><img decoding=\"async\" class=\"about-feature-photo\" src=\"\/wp-content\/uploads\/2025\/11\/daria-pure-school-norway-language-courses.webp\" alt=\"\u0420\u0435\u0437\u0443\u043b\u044c\u0442\u0430\u0442\u044b \u043e\u0431\u0443\u0447\u0435\u043d\u0438\u044f\" \/><\/div>\r\n<div class=\"about-feature-content\">\r\n<h2 class=\"about-feature-title\">L\u012bderis norv\u0113\u0123u valodas apm\u0101c\u012bb\u0101<\/h2>\r\n<p class=\"about-feature-text\">\u0160odien skola tiek uzskat\u012bta par vienu no l\u012bderiem norv\u0113\u0123u valodas apm\u0101c\u012bbas jom\u0101 un pal\u012bdz studentiem p\u0101rliecino\u0161i virz\u012bties no s\u0101kuma l\u012bme\u0146a l\u012bdz dro\u0161ai valodas prasmei.<\/p>\r\n<\/div>\r\n<\/div>\r\n<\/section>\r\n<\/div>\r\n<\/div>\r\n<\/div>\r\n","protected":false},"excerpt":{"rendered":"<p>&nbsp; &nbsp; &nbsp; Daria Pure School M\u016bsu skola jau daudzus gadus pal\u012bdz studentiem p\u0101rliecino\u0161i apg\u016bt norv\u0113\u0123u valodu, atrast savu vietu Norv\u0113\u0123ij\u0101 un virz\u012bties uz saviem m\u0113r\u0137iem bez \u0161aub\u0101m un bail\u0113m. M\u0113s m\u0101cam t\u0101, lai zin\u0101\u0161anas k\u013c\u016btu par dro\u0161u atbalstu ikdien\u0101, darb\u0101 un sazi\u0146\u0101, un lai ce\u013c\u0161 uz priek\u0161u b\u016btu skaidrs un sasniedzams. Skolas vad\u012bt\u0101ja un [&hellip;]<\/p>\n","protected":false},"author":1,"featured_media":0,"parent":0,"menu_order":0,"comment_status":"closed","ping_status":"closed","template":"","meta":{"_acf_changed":false,"footnotes":""},"class_list":["post-1013","page","type-page","status-publish","hentry"],"acf":[],"aioseo_notices":[],"_links":{"self":[{"href":"https:\/\/dariapureschool.com\/lv\/wp-json\/wp\/v2\/pages\/1013","targetHints":{"allow":["GET"]}}],"collection":[{"href":"https:\/\/dariapureschool.com\/lv\/wp-json\/wp\/v2\/pages"}],"about":[{"href":"https:\/\/dariapureschool.com\/lv\/wp-json\/wp\/v2\/types\/page"}],"author":[{"embeddable":true,"href":"https:\/\/dariapureschool.com\/lv\/wp-json\/wp\/v2\/users\/1"}],"replies":[{"embeddable":true,"href":"https:\/\/dariapureschool.com\/lv\/wp-json\/wp\/v2\/comments?post=1013"}],"version-history":[{"count":5,"href":"https:\/\/dariapureschool.com\/lv\/wp-json\/wp\/v2\/pages\/1013\/revisions"}],"predecessor-version":[{"id":1019,"href":"https:\/\/dariapureschool.com\/lv\/wp-json\/wp\/v2\/pages\/1013\/revisions\/1019"}],"wp:attachment":[{"href":"https:\/\/dariapureschool.com\/lv\/wp-json\/wp\/v2\/media?parent=1013"}],"curies":[{"name":"wp","href":"https:\/\/api.w.org\/{rel}","templated":true}]}}