{"id":1038,"date":"2025-11-20T09:03:32","date_gmt":"2025-11-20T06:03:32","guid":{"rendered":"https:\/\/dariapureschool.com\/terms-and-conditions-of-sale\/"},"modified":"2025-11-23T00:48:54","modified_gmt":"2025-11-22T21:48:54","slug":"pardosanas-noteikumi","status":"publish","type":"page","link":"https:\/\/dariapureschool.com\/lv\/pardosanas-noteikumi\/","title":{"rendered":"P\u0101rdo\u0161anas noteikumi"},"content":{"rendered":"<div class=\"wrapper\">\n<div class=\"container-fluid\">\n<div class=\"privacy-content\">\n<h1>P\u0101rdo\u0161anas noteikumi<\/h1>\n<p><strong>(&#8220;Noteikumi&#8221;)<\/strong><\/p>\n<p>\u0160ie Noteikumi attiecas uz pirkumiem un abonementiem, kas veikti pie Daria Pure School (turpm\u0101k \u2013 &#8220;m\u0113s&#8221;, &#8220;mums&#8221;, &#8220;m\u016bsu&#8221;). \u0160ie Noteikumi papildina jebkuru konkr\u0113tu inform\u0101ciju, kas sniegta pas\u016bt\u012bjuma veik\u0161anas laik\u0101, k\u0101 ar\u012b atsevi\u0161\u0137us l\u012bgumus. Tie neierobe\u017eo pat\u0113r\u0113t\u0101ju likum\u012bg\u0101s ties\u012bbas.<\/p>\n<h2>1. Puses<\/h2>\n<p>J\u016bs, maks\u0101jo\u0161ais students (&#8220;j\u016bs&#8221;, &#8220;j\u016bsu&#8221;), uz\u0146ematies saist\u012bbas, veicot pirkumu vai abon\u0113jot m\u016bsu pakalpojumu, un m\u0113s nodro\u0161in\u0101m pakalpojumu. M\u016bsu kontaktinform\u0101cija: Pure School AS, Furubr\u00e5tveien 15e, Oslo, 1170, Norway, Org. nr. 918 148 493, e-pasts: info@dariapureschool.com.<\/p>\n<h2>2. Cena<\/h2>\n<p>Cena, kas nor\u0101d\u012bta m\u016bsu kursam\/pakalpojumam, ir kop\u0113j\u0101 summa, kas jums j\u0101samaks\u0101. Visi nodok\u013ci un maks\u0101jumi ir iek\u013cauti. Papildu izmaksas nevar tikt piem\u0113rotas, ja vien j\u016bs par t\u0101m neesat skaidri inform\u0113ti pirms pirkuma.<\/p>\n<h2>3. L\u012bgums \/ Abonementa s\u0101kums<\/h2>\n<p>J\u016bsu pirkums vai abonements k\u013c\u016bst saisto\u0161s ab\u0101m pus\u0113m br\u012bd\u012b, kad esat nos\u016bt\u012bju\u0161i pas\u016bt\u012bjumu un m\u0113s esam to apstiprin\u0101ju\u0161i. M\u0113s varam atteikt re\u0123istr\u0101ciju, ja, pamatoti izv\u0113rt\u0113jot, konstat\u0113jam k\u013c\u016bdas vai neprec\u012bzu inform\u0101ciju pas\u016bt\u012bjuma datos.<\/p>\n<h2>4. Apmaksa<\/h2>\n<p>Apmaksa ir veicama pas\u016bt\u012bjuma br\u012bd\u012b vai saska\u0146\u0101 ar abonementa\/l\u012bguma nosac\u012bjumiem. Ja nepiecie\u0161ams, m\u0113s varam izrakst\u012bt r\u0113\u0137inu par abon\u0113\u0161anas pakalpojumiem ar apmaksas termi\u0146u ne \u012bs\u0101ku par 14 dien\u0101m no sa\u0146em\u0161anas br\u012b\u017ea. Person\u0101m, kas jaun\u0101kas par 18 gadiem, r\u0113\u0137ins p\u0113c fakta netiek izrakst\u012bts, ja vien tas nav \u012bpa\u0161i pilnvarots.<\/p>\n<h2>5. Pieg\u0101de \/ Piek\u013cuve pakalpojumam<\/h2>\n<p>Ja m\u016bsu pakalpojums ir digit\u0101ls (tie\u0161saistes kurss, dal\u012bba), piek\u013cuve tiks nodro\u0161in\u0101ta bez nepamatotas kav\u0113\u0161an\u0101s p\u0113c pas\u016bt\u012bjuma apstiprin\u0101\u0161anas vai apmaksas sa\u0146em\u0161anas. Ja tiek izmantoti fiziski materi\u0101li, pieg\u0101de tiks veikta bez nepamatotas kav\u0113\u0161an\u0101s un ne v\u0113l\u0101k k\u0101 30 dienu laik\u0101, ja vien nav vieno\u0161an\u0101s par citu termi\u0146u.<\/p>\n<h2>6. Atteikuma ties\u012bbas \/ Atcel\u0161ana<\/h2>\n<p>Ja esat pat\u0113r\u0113t\u0101js (t. i., p\u0113rkat person\u012bg\u0101m, nevis komerci\u0101l\u0101m vajadz\u012bb\u0101m), jums ir ties\u012bbas atcelt pirkumu 14 kalend\u0101ro dienu laik\u0101 (vai ilg\u0101k, ja to paredz likums), s\u0101kot no n\u0101kam\u0101s dienas p\u0113c piek\u013cuves sa\u0146em\u0161anas vai pirm\u0101s piesl\u0113g\u0161an\u0101s. Lai izmantotu savas ties\u012bbas, jums par to j\u0101inform\u0113 m\u016bs rakstiski (pa e-pastu vai, piem\u0113ram, izmantojot veidlapu).<\/p>\n<p>Ja pakalpojuma snieg\u0161ana s\u0101kas atteikuma perioda laik\u0101 un j\u016bs esat piekritu\u0161i pakalpojuma s\u0101k\u0161anai, jums var tikt piem\u0113rota sam\u0113r\u012bga maksas da\u013ca.<\/p>\n<p>Ja m\u0113s j\u016bs pien\u0101c\u012bgi neinform\u0113jam par atteikuma ties\u012bb\u0101m, atteikuma termi\u0146\u0161 var tikt pagarin\u0101ts l\u012bdz 12 m\u0113ne\u0161iem p\u0113c s\u0101kotn\u0113jo 14 dienu termi\u0146a beig\u0101m (vai \u012bs\u0101ks periods p\u0113c tam, kad ir sniegta atbilsto\u0161a inform\u0101cija).<\/p>\n<h2>7. Kav\u0113\u0161an\u0101s vai piek\u013cuves \/ pieg\u0101des neesam\u012bba<\/h2>\n<p>Ja m\u0113s nenodro\u0161in\u0101m piek\u013cuvi vai nepieg\u0101d\u0101jam materi\u0101lus noteiktaj\u0101 laik\u0101 un kav\u0113\u0161an\u0101s nav saist\u012bta ar jums, j\u016bs varat noteikt sapr\u0101t\u012bgu papildu termi\u0146u. Ja m\u0113s joproj\u0101m neizpild\u0101m saist\u012bbas, jums ir ties\u012bbas atcelt l\u012bgumu, piepras\u012bt naudas atmaksu vai kompens\u0101ciju atkar\u012bb\u0101 no situ\u0101cijas.<\/p>\n<h2>8. Tr\u016bkumi \/ Defekti<\/h2>\n<p>Ja m\u016bsu pakalpojumam ir tr\u016bkumi vai tas neatbilst saska\u0146otaj\u0101m specifik\u0101cij\u0101m, jums par to m\u016bs j\u0101inform\u0113 bez nepamatotas kav\u0113\u0161an\u0101s un ne v\u0113l\u0101k k\u0101 2 m\u0113ne\u0161u laik\u0101 no tr\u016bkuma atkl\u0101\u0161anas br\u012b\u017ea. Atkar\u012bb\u0101 no tr\u016bkuma rakstura jums var b\u016bt ties\u012bbas piepras\u012bt labo\u0161anas vai aizst\u0101\u0161anas pas\u0101kumus, cenas samazin\u0101jumu vai l\u012bguma izbeig\u0161anu un\/vai kompens\u0101ciju.<\/p>\n<h2>9. J\u016bsu saist\u012bbu neizpilde<\/h2>\n<p>Ja j\u016bs neveicat apmaksu vai cit\u0101di p\u0101rk\u0101pjat savas saist\u012bbas (piem\u0113ram, neat\u013cauta piek\u013cuves datu izmanto\u0161ana), m\u0113s varam aptur\u0113t vai p\u0101rtraukt j\u016bsu piek\u013cuvi, izrakst\u012bt r\u0113\u0137inu par nesamaks\u0101taj\u0101m summ\u0101m un piepras\u012bt kompens\u0101ciju, cikt\u0101l to at\u013cauj likums.<\/p>\n<h2>10. Garantijas<\/h2>\n<p>Jebkura garantija vai papildu nodro\u0161in\u0101jums, ko sniedzam m\u0113s vai tre\u0161\u0101 puse, nemaina un neierobe\u017eo j\u016bsu likum\u012bg\u0101s ties\u012bbas saska\u0146\u0101 ar pat\u0113r\u0113t\u0101ju ties\u012bbu aizsardz\u012bbas likumdo\u0161anu.<\/p>\n<h2>11. Personas dati \/ Konfidencialit\u0101te<\/h2>\n<p>M\u0113s esam personas datu p\u0101rzinis jebkurai person\u012bgajai inform\u0101cijai, ko iev\u0101cam saist\u012bb\u0101 ar j\u016bsu re\u0123istr\u0101ciju. Ja vien j\u016bs neesat devis papildu piekri\u0161anu, m\u0113s iev\u0101ksim un glab\u0101sim tikai tos datus, kas nepiecie\u0161ami pakalpojuma snieg\u0161anai. J\u016bsu dati netiks nodoti tre\u0161aj\u0101m pus\u0113m, iz\u0146emot gad\u012bjumus, kad tas nepiecie\u0161ams pakalpojuma nodro\u0161in\u0101\u0161anai vai to pieprasa likums.<\/p>\n<h2>12. S\u016bdz\u012bbas \/ Str\u012bdu risin\u0101\u0161ana<\/h2>\n<p>Ja jums ir s\u016bdz\u012bba, l\u016bdzu, p\u0113c iesp\u0113jas \u0101tr\u0101k sazinieties ar mums pa e-pastu info@dariapureschool.com vai rakstot uz Pure School AS, Furubr\u00e5tveien 15e, Oslo, 1170, Norway. M\u0113s cent\u012bsimies atrisin\u0101t situ\u0101ciju mier\u012bg\u0101 ce\u013c\u0101. Ja tas neizdodas un j\u016bs dz\u012bvojat ES\/EEZ teritorij\u0101, varat izmantot Eiropas Komisijas tie\u0161saistes str\u012bdu risin\u0101\u0161anas platformu: <a href=\"http:\/\/ec.europa.eu\/odr\" target=\"_blank\" rel=\"noopener\">http:\/\/ec.europa.eu\/odr<\/a>.<\/p>\n<h2>13. Piem\u0113rojamie ties\u012bbu akti un jurisdikcija<\/h2>\n<p>\u0160os Noteikumus regul\u0113 Norv\u0113\u0123ijas ties\u012bbu akti. Str\u012bdi tiek izskat\u012bti Oslo ties\u0101s, Norv\u0113\u0123ij\u0101.<\/p>\n<\/div>\n<\/div>\n<\/div>\n","protected":false},"excerpt":{"rendered":"<p>P\u0101rdo\u0161anas noteikumi (&#8220;Noteikumi&#8221;) \u0160ie Noteikumi attiecas uz pirkumiem un abonementiem, kas veikti pie Daria Pure School (turpm\u0101k \u2013 &#8220;m\u0113s&#8221;, &#8220;mums&#8221;, &#8220;m\u016bsu&#8221;). \u0160ie Noteikumi papildina jebkuru konkr\u0113tu inform\u0101ciju, kas sniegta pas\u016bt\u012bjuma veik\u0161anas laik\u0101, k\u0101 ar\u012b atsevi\u0161\u0137us l\u012bgumus. Tie neierobe\u017eo pat\u0113r\u0113t\u0101ju likum\u012bg\u0101s ties\u012bbas. 1. Puses J\u016bs, maks\u0101jo\u0161ais students (&#8220;j\u016bs&#8221;, &#8220;j\u016bsu&#8221;), uz\u0146ematies saist\u012bbas, veicot pirkumu vai abon\u0113jot m\u016bsu [&hellip;]<\/p>\n","protected":false},"author":1,"featured_media":0,"parent":0,"menu_order":0,"comment_status":"closed","ping_status":"closed","template":"","meta":{"_acf_changed":false,"footnotes":""},"class_list":["post-1038","page","type-page","status-publish","hentry"],"acf":[],"aioseo_notices":[],"_links":{"self":[{"href":"https:\/\/dariapureschool.com\/lv\/wp-json\/wp\/v2\/pages\/1038","targetHints":{"allow":["GET"]}}],"collection":[{"href":"https:\/\/dariapureschool.com\/lv\/wp-json\/wp\/v2\/pages"}],"about":[{"href":"https:\/\/dariapureschool.com\/lv\/wp-json\/wp\/v2\/types\/page"}],"author":[{"embeddable":true,"href":"https:\/\/dariapureschool.com\/lv\/wp-json\/wp\/v2\/users\/1"}],"replies":[{"embeddable":true,"href":"https:\/\/dariapureschool.com\/lv\/wp-json\/wp\/v2\/comments?post=1038"}],"version-history":[{"count":2,"href":"https:\/\/dariapureschool.com\/lv\/wp-json\/wp\/v2\/pages\/1038\/revisions"}],"predecessor-version":[{"id":1041,"href":"https:\/\/dariapureschool.com\/lv\/wp-json\/wp\/v2\/pages\/1038\/revisions\/1041"}],"wp:attachment":[{"href":"https:\/\/dariapureschool.com\/lv\/wp-json\/wp\/v2\/media?parent=1038"}],"curies":[{"name":"wp","href":"https:\/\/api.w.org\/{rel}","templated":true}]}}