{"id":1082,"date":"2025-11-21T19:50:50","date_gmt":"2025-11-21T16:50:50","guid":{"rendered":"https:\/\/dariapureschool.com\/cart\/"},"modified":"2025-11-23T02:39:22","modified_gmt":"2025-11-22T23:39:22","slug":"grozs","status":"publish","type":"page","link":"https:\/\/dariapureschool.com\/lv\/grozs\/","title":{"rendered":"Grozs"},"content":{"rendered":"\n<div data-block-name=\"woocommerce\/cart\" class=\"wp-block-woocommerce-cart alignwide is-loading\">\n<div data-block-name=\"woocommerce\/filled-cart-block\" class=\"wp-block-woocommerce-filled-cart-block\">\n<div data-block-name=\"woocommerce\/cart-items-block\" class=\"wp-block-woocommerce-cart-items-block\">\n<div data-block-name=\"woocommerce\/cart-line-items-block\" class=\"wp-block-woocommerce-cart-line-items-block\"><\/div>\n<\/div>\n\n\n\n<div data-block-name=\"woocommerce\/cart-totals-block\" class=\"wp-block-woocommerce-cart-totals-block\">\n<div data-block-name=\"woocommerce\/cart-order-summary-block\" class=\"wp-block-woocommerce-cart-order-summary-block\">\n<div data-block-name=\"woocommerce\/cart-order-summary-heading-block\" data-content=\"Pas\u016bt\u012bjumu summa\" class=\"wp-block-woocommerce-cart-order-summary-heading-block\"><\/div>\n\n\n\n<div data-block-name=\"woocommerce\/cart-order-summary-coupon-form-block\" class=\"wp-block-woocommerce-cart-order-summary-coupon-form-block\"><\/div>\n\n\n\n<div data-block-name=\"woocommerce\/cart-order-summary-totals-block\" class=\"wp-block-woocommerce-cart-order-summary-totals-block\">\n<div data-block-name=\"woocommerce\/cart-order-summary-subtotal-block\" class=\"wp-block-woocommerce-cart-order-summary-subtotal-block\"><\/div>\n\n\n\n<div data-block-name=\"woocommerce\/cart-order-summary-fee-block\" class=\"wp-block-woocommerce-cart-order-summary-fee-block\"><\/div>\n\n\n\n<div data-block-name=\"woocommerce\/cart-order-summary-discount-block\" class=\"wp-block-woocommerce-cart-order-summary-discount-block\"><\/div>\n\n\n\n<div data-block-name=\"woocommerce\/cart-order-summary-shipping-block\" class=\"wp-block-woocommerce-cart-order-summary-shipping-block\"><\/div>\n\n\n\n<div data-block-name=\"woocommerce\/cart-order-summary-taxes-block\" class=\"wp-block-woocommerce-cart-order-summary-taxes-block\"><\/div>\n<\/div>\n<\/div>\n\n\n\n<div data-block-name=\"woocommerce\/cart-express-payment-block\" class=\"wp-block-woocommerce-cart-express-payment-block\"><\/div>\n\n\n\n<div data-block-name=\"woocommerce\/proceed-to-checkout-block\" class=\"wp-block-woocommerce-proceed-to-checkout-block\"><\/div>\n\n\n\n<div data-block-name=\"woocommerce\/cart-accepted-payment-methods-block\" class=\"wp-block-woocommerce-cart-accepted-payment-methods-block\"><\/div>\n<\/div>\n<\/div>\n\n\n\n<div data-block-name=\"woocommerce\/empty-cart-block\" class=\"wp-block-woocommerce-empty-cart-block\">\n<h2 class=\"wp-block-heading has-text-align-center with-empty-cart-icon wc-block-cart__empty-cart__title\">J\u016bsu grozs pa\u0161laik ir tuk\u0161s!<\/h2>\n\n\n\n<hr class=\"wp-block-separator has-alpha-channel-opacity is-style-dots\"\/>\n\n\n\n<h2 class=\"wp-block-heading has-text-align-center\">Jaunums veikal\u0101<\/h2>\n\n\n<div data-block-name=\"woocommerce\/product-new\" data-columns=\"4\" data-rows=\"1\" class=\"wc-block-grid wp-block-product-new wp-block-woocommerce-product-new wc-block-product-new has-4-columns\"><ul class=\"wc-block-grid__products\"><li class=\"wc-block-grid__product\"><span class=\"gtm4wp_productdata\" style=\"display:none; visibility:hidden;\" data-gtm4wp_product_data=\"{&quot;internal_id&quot;:1137,&quot;item_id&quot;:1137,&quot;item_name&quot;:&quot;B2.1 \\u2013 norv\\u0113\\u0123u valodas augst\\u0101ks l\\u012bmenis&quot;,&quot;sku&quot;:1137,&quot;price&quot;:2290,&quot;stocklevel&quot;:null,&quot;stockstatus&quot;:&quot;instock&quot;,&quot;google_business_vertical&quot;:&quot;retail&quot;,&quot;item_category&quot;:&quot;Norv\\u0113\\u0123u valoda vid\\u0113jam l\\u012bmenim (B1.1\\u2013B2.2)&quot;,&quot;id&quot;:1137,&quot;productlink&quot;:&quot;https:\\\/\\\/dariapureschool.com\\\/lv\\\/norvegu-valodas-kursi\\\/norvegu-valoda-videjam-limenim-b1-1-b2-2\\\/b2-1-norvegu-valodas-augstaks-limenis\\\/&quot;,&quot;item_list_name&quot;:&quot;General Product List&quot;,&quot;index&quot;:0,&quot;product_type&quot;:&quot;simple&quot;,&quot;item_brand&quot;:&quot;&quot;}\"><\/span>\n\t\t\t\t<a href=\"https:\/\/dariapureschool.com\/lv\/norvegu-valodas-kursi\/norvegu-valoda-videjam-limenim-b1-1-b2-2\/b2-1-norvegu-valodas-augstaks-limenis\/\" class=\"wc-block-grid__product-link\">\n\t\t\t\t\t\n\t\t\t\t\t<div class=\"wc-block-grid__product-image\"><img loading=\"lazy\" decoding=\"async\" width=\"800\" height=\"800\" src=\"https:\/\/dariapureschool.com\/wp-content\/uploads\/2025\/11\/3-800x800.webp\" class=\"attachment-woocommerce_thumbnail size-woocommerce_thumbnail\" alt=\"B2.1 \u2013 norv\u0113\u0123u valodas augst\u0101ks l\u012bmenis\" srcset=\"https:\/\/dariapureschool.com\/wp-content\/uploads\/2025\/11\/3-800x800.webp 800w, https:\/\/dariapureschool.com\/wp-content\/uploads\/2025\/11\/3-300x300.webp 300w, https:\/\/dariapureschool.com\/wp-content\/uploads\/2025\/11\/3-150x150.webp 150w, https:\/\/dariapureschool.com\/wp-content\/uploads\/2025\/11\/3-768x768.webp 768w, https:\/\/dariapureschool.com\/wp-content\/uploads\/2025\/11\/3-100x100.webp 100w, https:\/\/dariapureschool.com\/wp-content\/uploads\/2025\/11\/3.webp 900w\" sizes=\"auto, (max-width: 800px) 100vw, 800px\" \/><\/div>\n\t\t\t\t\t<div class=\"wc-block-grid__product-title\">B2.1 \u2013 norv\u0113\u0123u valodas augst\u0101ks l\u012bmenis<\/div>\n\t\t\t\t<\/a>\n\t\t\t\t<div class=\"wc-block-grid__product-price price\"><span class=\"woocommerce-Price-amount amount\">2 290,00&nbsp;<span class=\"woocommerce-Price-currencySymbol\">&#107;&#114;<\/span><\/span><\/div>\n\t\t\t\t\n\t\t\t\t<div class=\"wp-block-button wc-block-grid__product-add-to-cart\"><a href=\"\/lv\/wp-json\/wp\/v2\/pages\/1082?add-to-cart=1137\" aria-label=\"\u0414\u043e\u0434\u0430\u0442\u0438 \u0432 \u043a\u043e\u0448\u0438\u043a: &ldquo;B2.1 \u2013 norv\u0113\u0123u valodas augst\u0101ks l\u012bmenis&rdquo;\" data-quantity=\"1\" data-product_id=\"1137\" data-product_sku=\"\" data-price=\"2290\" rel=\"nofollow\" class=\"wp-block-button__link  add_to_cart_button ajax_add_to_cart\">Pievienot grozam<\/a><\/div>\n\t\t\t<\/li><li class=\"wc-block-grid__product\"><span class=\"gtm4wp_productdata\" style=\"display:none; visibility:hidden;\" data-gtm4wp_product_data=\"{&quot;internal_id&quot;:1147,&quot;item_id&quot;:1147,&quot;item_name&quot;:&quot;Valodas dienasgr\\u0101mata&quot;,&quot;sku&quot;:1147,&quot;price&quot;:290,&quot;stocklevel&quot;:100,&quot;stockstatus&quot;:&quot;instock&quot;,&quot;google_business_vertical&quot;:&quot;retail&quot;,&quot;item_category&quot;:&quot;M\\u0101c\\u012bbu materi\\u0101li&quot;,&quot;id&quot;:1147,&quot;productlink&quot;:&quot;https:\\\/\\\/dariapureschool.com\\\/lv\\\/norvegu-valodas-kursi\\\/macibu-materiali\\\/valodas-dienasgramata\\\/&quot;,&quot;item_list_name&quot;:&quot;General Product List&quot;,&quot;index&quot;:0,&quot;product_type&quot;:&quot;variable&quot;,&quot;item_brand&quot;:&quot;&quot;}\"><\/span>\n\t\t\t\t<a href=\"https:\/\/dariapureschool.com\/lv\/norvegu-valodas-kursi\/macibu-materiali\/valodas-dienasgramata\/\" class=\"wc-block-grid__product-link\">\n\t\t\t\t\t\n\t\t\t\t\t<div class=\"wc-block-grid__product-image\"><img loading=\"lazy\" decoding=\"async\" width=\"800\" height=\"800\" src=\"https:\/\/dariapureschool.com\/wp-content\/uploads\/2025\/10\/ezhednevnik-yazykovoy-800x800.webp\" class=\"attachment-woocommerce_thumbnail size-woocommerce_thumbnail\" alt=\"Valodas dienasgr\u0101mata\" srcset=\"https:\/\/dariapureschool.com\/wp-content\/uploads\/2025\/10\/ezhednevnik-yazykovoy-800x800.webp 800w, https:\/\/dariapureschool.com\/wp-content\/uploads\/2025\/10\/ezhednevnik-yazykovoy-300x300.webp 300w, https:\/\/dariapureschool.com\/wp-content\/uploads\/2025\/10\/ezhednevnik-yazykovoy-150x150.webp 150w, https:\/\/dariapureschool.com\/wp-content\/uploads\/2025\/10\/ezhednevnik-yazykovoy-768x768.webp 768w, https:\/\/dariapureschool.com\/wp-content\/uploads\/2025\/10\/ezhednevnik-yazykovoy-100x100.webp 100w, https:\/\/dariapureschool.com\/wp-content\/uploads\/2025\/10\/ezhednevnik-yazykovoy.webp 900w\" sizes=\"auto, (max-width: 800px) 100vw, 800px\" \/><\/div>\n\t\t\t\t\t<div class=\"wc-block-grid__product-title\">Valodas dienasgr\u0101mata<\/div>\n\t\t\t\t<\/a>\n\t\t\t\t<div class=\"wc-block-grid__product-price price\"><span class=\"woocommerce-Price-amount amount\">290,00&nbsp;<span class=\"woocommerce-Price-currencySymbol\">&#107;&#114;<\/span><\/span><\/div>\n\t\t\t\t\n\t\t\t\t<div class=\"wp-block-button wc-block-grid__product-add-to-cart\"><a href=\"https:\/\/dariapureschool.com\/lv\/norvegu-valodas-kursi\/macibu-materiali\/valodas-dienasgramata\/\" aria-label=\"Izv\u0113lieties opcijas priek\u0161 &ldquo;Valodas dienasgr\u0101mata&rdquo;\" data-quantity=\"1\" data-product_id=\"1147\" data-product_sku=\"\" data-price=\"290\" rel=\"nofollow\" class=\"wp-block-button__link  add_to_cart_button\">Izv\u0113lieties<\/a><\/div>\n\t\t\t<\/li><li class=\"wc-block-grid__product\"><span class=\"gtm4wp_productdata\" style=\"display:none; visibility:hidden;\" data-gtm4wp_product_data=\"{&quot;internal_id&quot;:1155,&quot;item_id&quot;:1155,&quot;item_name&quot;:&quot;B1.2 \\u2014 no p\\u0101rliec\\u012bbas l\\u012bdz br\\u012bvai norv\\u0113\\u0123u valodai&quot;,&quot;sku&quot;:1155,&quot;price&quot;:2290,&quot;stocklevel&quot;:null,&quot;stockstatus&quot;:&quot;instock&quot;,&quot;google_business_vertical&quot;:&quot;retail&quot;,&quot;item_category&quot;:&quot;Norv\\u0113\\u0123u valoda vid\\u0113jam l\\u012bmenim (B1.1\\u2013B2.2)&quot;,&quot;id&quot;:1155,&quot;productlink&quot;:&quot;https:\\\/\\\/dariapureschool.com\\\/lv\\\/norvegu-valodas-kursi\\\/norvegu-valoda-videjam-limenim-b1-1-b2-2\\\/b1-2-no-parliecibas-lidz-brivai-valodai\\\/&quot;,&quot;item_list_name&quot;:&quot;General Product List&quot;,&quot;index&quot;:0,&quot;product_type&quot;:&quot;simple&quot;,&quot;item_brand&quot;:&quot;&quot;}\"><\/span>\n\t\t\t\t<a href=\"https:\/\/dariapureschool.com\/lv\/norvegu-valodas-kursi\/norvegu-valoda-videjam-limenim-b1-1-b2-2\/b1-2-no-parliecibas-lidz-brivai-valodai\/\" class=\"wc-block-grid__product-link\">\n\t\t\t\t\t\n\t\t\t\t\t<div class=\"wc-block-grid__product-image\"><img loading=\"lazy\" decoding=\"async\" width=\"800\" height=\"800\" src=\"https:\/\/dariapureschool.com\/wp-content\/uploads\/2025\/10\/b1-2-ot-uverennosti-k-svobode-v-norvezhskom-yazyke-800x800.webp\" class=\"attachment-woocommerce_thumbnail size-woocommerce_thumbnail\" alt=\"B1.2 \u2014 no p\u0101rliec\u012bbas l\u012bdz br\u012bvai norv\u0113\u0123u valodai\" srcset=\"https:\/\/dariapureschool.com\/wp-content\/uploads\/2025\/10\/b1-2-ot-uverennosti-k-svobode-v-norvezhskom-yazyke-800x800.webp 800w, https:\/\/dariapureschool.com\/wp-content\/uploads\/2025\/10\/b1-2-ot-uverennosti-k-svobode-v-norvezhskom-yazyke-300x300.webp 300w, https:\/\/dariapureschool.com\/wp-content\/uploads\/2025\/10\/b1-2-ot-uverennosti-k-svobode-v-norvezhskom-yazyke-150x150.webp 150w, https:\/\/dariapureschool.com\/wp-content\/uploads\/2025\/10\/b1-2-ot-uverennosti-k-svobode-v-norvezhskom-yazyke-768x768.webp 768w, https:\/\/dariapureschool.com\/wp-content\/uploads\/2025\/10\/b1-2-ot-uverennosti-k-svobode-v-norvezhskom-yazyke-100x100.webp 100w, https:\/\/dariapureschool.com\/wp-content\/uploads\/2025\/10\/b1-2-ot-uverennosti-k-svobode-v-norvezhskom-yazyke.webp 900w\" sizes=\"auto, (max-width: 800px) 100vw, 800px\" \/><\/div>\n\t\t\t\t\t<div class=\"wc-block-grid__product-title\">B1.2 \u2014 no p\u0101rliec\u012bbas l\u012bdz br\u012bvai norv\u0113\u0123u valodai<\/div>\n\t\t\t\t<\/a>\n\t\t\t\t<div class=\"wc-block-grid__product-price price\"><span class=\"woocommerce-Price-amount amount\">2 290,00&nbsp;<span class=\"woocommerce-Price-currencySymbol\">&#107;&#114;<\/span><\/span><\/div>\n\t\t\t\t\n\t\t\t\t<div class=\"wp-block-button wc-block-grid__product-add-to-cart\"><a href=\"\/lv\/wp-json\/wp\/v2\/pages\/1082?add-to-cart=1155\" aria-label=\"\u0414\u043e\u0434\u0430\u0442\u0438 \u0432 \u043a\u043e\u0448\u0438\u043a: &ldquo;B1.2 \u2014 no p\u0101rliec\u012bbas l\u012bdz br\u012bvai norv\u0113\u0123u valodai&rdquo;\" data-quantity=\"1\" data-product_id=\"1155\" data-product_sku=\"\" data-price=\"2290\" rel=\"nofollow\" class=\"wp-block-button__link  add_to_cart_button ajax_add_to_cart\">Pievienot grozam<\/a><\/div>\n\t\t\t<\/li><li class=\"wc-block-grid__product\"><span class=\"gtm4wp_productdata\" style=\"display:none; visibility:hidden;\" data-gtm4wp_product_data=\"{&quot;internal_id&quot;:1159,&quot;item_id&quot;:1159,&quot;item_name&quot;:&quot;B1.1 - no pamatiem l\\u012bdz p\\u0101rliecin\\u0101tai runai un lab\\u0101kai valodas izpratnei.&quot;,&quot;sku&quot;:1159,&quot;price&quot;:2290,&quot;stocklevel&quot;:null,&quot;stockstatus&quot;:&quot;instock&quot;,&quot;google_business_vertical&quot;:&quot;retail&quot;,&quot;item_category&quot;:&quot;Norv\\u0113\\u0123u valoda vid\\u0113jam l\\u012bmenim (B1.1\\u2013B2.2)&quot;,&quot;id&quot;:1159,&quot;productlink&quot;:&quot;https:\\\/\\\/dariapureschool.com\\\/lv\\\/norvegu-valodas-kursi\\\/norvegu-valoda-videjam-limenim-b1-1-b2-2\\\/b1-1-no-pamatiem-lidz-parliecinatai-runai\\\/&quot;,&quot;item_list_name&quot;:&quot;General Product List&quot;,&quot;index&quot;:0,&quot;product_type&quot;:&quot;simple&quot;,&quot;item_brand&quot;:&quot;&quot;}\"><\/span>\n\t\t\t\t<a href=\"https:\/\/dariapureschool.com\/lv\/norvegu-valodas-kursi\/norvegu-valoda-videjam-limenim-b1-1-b2-2\/b1-1-no-pamatiem-lidz-parliecinatai-runai\/\" class=\"wc-block-grid__product-link\">\n\t\t\t\t\t\n\t\t\t\t\t<div class=\"wc-block-grid__product-image\"><img loading=\"lazy\" decoding=\"async\" width=\"800\" height=\"800\" src=\"https:\/\/dariapureschool.com\/wp-content\/uploads\/2025\/10\/b1-1-ot-bazy-k-uverennoj-rechi-i-ponimaniyu-800x800.webp\" class=\"attachment-woocommerce_thumbnail size-woocommerce_thumbnail\" alt=\"B1.1 - no pamatiem l\u012bdz p\u0101rliecin\u0101tai runai un lab\u0101kai valodas izpratnei.\" srcset=\"https:\/\/dariapureschool.com\/wp-content\/uploads\/2025\/10\/b1-1-ot-bazy-k-uverennoj-rechi-i-ponimaniyu-800x800.webp 800w, https:\/\/dariapureschool.com\/wp-content\/uploads\/2025\/10\/b1-1-ot-bazy-k-uverennoj-rechi-i-ponimaniyu-300x300.webp 300w, https:\/\/dariapureschool.com\/wp-content\/uploads\/2025\/10\/b1-1-ot-bazy-k-uverennoj-rechi-i-ponimaniyu-150x150.webp 150w, https:\/\/dariapureschool.com\/wp-content\/uploads\/2025\/10\/b1-1-ot-bazy-k-uverennoj-rechi-i-ponimaniyu-768x768.webp 768w, https:\/\/dariapureschool.com\/wp-content\/uploads\/2025\/10\/b1-1-ot-bazy-k-uverennoj-rechi-i-ponimaniyu-100x100.webp 100w, https:\/\/dariapureschool.com\/wp-content\/uploads\/2025\/10\/b1-1-ot-bazy-k-uverennoj-rechi-i-ponimaniyu.webp 900w\" sizes=\"auto, (max-width: 800px) 100vw, 800px\" \/><\/div>\n\t\t\t\t\t<div class=\"wc-block-grid__product-title\">B1.1 &#8211; no pamatiem l\u012bdz p\u0101rliecin\u0101tai runai un lab\u0101kai valodas izpratnei.<\/div>\n\t\t\t\t<\/a>\n\t\t\t\t<div class=\"wc-block-grid__product-price price\"><span class=\"woocommerce-Price-amount amount\">2 290,00&nbsp;<span class=\"woocommerce-Price-currencySymbol\">&#107;&#114;<\/span><\/span><\/div>\n\t\t\t\t\n\t\t\t\t<div class=\"wp-block-button wc-block-grid__product-add-to-cart\"><a href=\"\/lv\/wp-json\/wp\/v2\/pages\/1082?add-to-cart=1159\" aria-label=\"\u0414\u043e\u0434\u0430\u0442\u0438 \u0432 \u043a\u043e\u0448\u0438\u043a: &ldquo;B1.1 - no pamatiem l\u012bdz p\u0101rliecin\u0101tai runai un lab\u0101kai valodas izpratnei.&rdquo;\" data-quantity=\"1\" data-product_id=\"1159\" data-product_sku=\"\" data-price=\"2290\" rel=\"nofollow\" class=\"wp-block-button__link  add_to_cart_button ajax_add_to_cart\">Pievienot grozam<\/a><\/div>\n\t\t\t<\/li><\/ul><\/div><\/div>\n<\/div>\n","protected":false},"excerpt":{"rendered":"","protected":false},"author":1,"featured_media":0,"parent":0,"menu_order":0,"comment_status":"closed","ping_status":"closed","template":"","meta":{"_acf_changed":false,"footnotes":""},"class_list":["post-1082","page","type-page","status-publish","hentry"],"acf":[],"aioseo_notices":[],"_links":{"self":[{"href":"https:\/\/dariapureschool.com\/lv\/wp-json\/wp\/v2\/pages\/1082","targetHints":{"allow":["GET"]}}],"collection":[{"href":"https:\/\/dariapureschool.com\/lv\/wp-json\/wp\/v2\/pages"}],"about":[{"href":"https:\/\/dariapureschool.com\/lv\/wp-json\/wp\/v2\/types\/page"}],"author":[{"embeddable":true,"href":"https:\/\/dariapureschool.com\/lv\/wp-json\/wp\/v2\/users\/1"}],"replies":[{"embeddable":true,"href":"https:\/\/dariapureschool.com\/lv\/wp-json\/wp\/v2\/comments?post=1082"}],"version-history":[{"count":4,"href":"https:\/\/dariapureschool.com\/lv\/wp-json\/wp\/v2\/pages\/1082\/revisions"}],"predecessor-version":[{"id":1089,"href":"https:\/\/dariapureschool.com\/lv\/wp-json\/wp\/v2\/pages\/1082\/revisions\/1089"}],"wp:attachment":[{"href":"https:\/\/dariapureschool.com\/lv\/wp-json\/wp\/v2\/media?parent=1082"}],"curies":[{"name":"wp","href":"https:\/\/api.w.org\/{rel}","templated":true}]}}