{"id":994,"date":"2025-08-26T20:32:56","date_gmt":"2025-08-26T17:32:56","guid":{"rendered":"https:\/\/dariapureschool.com\/%d0%b3%d0%bb%d0%b0%d0%b2%d0%bd%d0%b0%d1%8f\/"},"modified":"2025-11-29T01:25:46","modified_gmt":"2025-11-28T22:25:46","slug":"sakumlapa","status":"publish","type":"page","link":"https:\/\/dariapureschool.com\/lv\/","title":{"rendered":"S\u0101kumlapa"},"content":{"rendered":"\n<div class=\"wp-block-dariapureschool-banner banner-block\" style=\"background-image:url(https:\/\/dariapureschool.com\/wp-content\/uploads\/2025\/10\/language-school-norwegian-daria-pure-school-1.webp)\"><div class=\"container-banner\"><h2 class=\"title_banner\">M\u0101cieties norv\u0113\u0123u valodu tie\u0161saist\u0113 ar Daria Pure Language School<\/h2><a href=\"https:\/\/dariapureschool.com\/lv\/norvegu-valodas-kursi\/\" class=\"btn primary\">Izv\u0113l\u0113ties m\u0101c\u012bbu materi\u0101lu<\/a><div class=\"features\"><\/div><\/div><img decoding=\"async\" class=\"illustration\" src=\"https:\/\/dariapureschool.com\/wp-content\/uploads\/2025\/08\/20250112-DSC06424-Photoroom-1.png\"\/><\/div>\n\n\n\n<div id=\"about_scroll\" class=\"wp-block-dariapureschool-about-us about-block\">\r\n<div class=\"about-container\">\r\n<div class=\"text_about\"><span class=\"tittle_about\">Par skolu<\/span>\r\n<div class=\"name-text\">\r\n<p class=\"line\">Akredit\u0113ta norv\u0113\u0123u valodas skola &#8211; m\u0101cieties viegli un ar rezult\u0101tu.<\/p>\r\n<div class=\"more-link\"><a href=\"https:\/\/dariapureschool.com\/lv\/par-skolu\/\">Uzzin\u0101t vair\u0101k par skolu<\/a><\/div>\r\n<\/div>\r\n<\/div>\r\n<div class=\"extra-list\">\r\n<div class=\"extra-item\"><img decoding=\"async\" class=\"icon\" src=\"https:\/\/dariapureschool.com\/wp-content\/uploads\/2025\/08\/Group-782.png\" \/>\r\n<h3>str\u0101d\u0101jam<\/h3>\r\n<p>kop\u0161 2007. gada<\/p>\r\n<\/div>\r\n<div class=\"extra-item\"><img decoding=\"async\" class=\"icon\" src=\"https:\/\/dariapureschool.com\/wp-content\/uploads\/2025\/08\/Frame-757.png\" \/>\r\n<h3>apm\u0101c\u012bju\u0161i vair\u0101k nek\u0101<\/h3>\r\n<p>5000 studentu<\/p>\r\n<\/div>\r\n<\/div>\r\n<\/div>\r\n<div class=\"illustration\"><img decoding=\"async\" src=\"https:\/\/dariapureschool.com\/wp-content\/uploads\/2025\/08\/Mask-group.png\" \/><\/div>\r\n<\/div>\n\n\n\n    <style>\n    \/* Norwegian Courses Products Section *\/\n    .norwegian-courses-products-wrapper {\n        width: 100%;\n        box-sizing: border-box;\n        margin-bottom: 40px;\n    }\n    \n    .norwegian-courses-products-section {\n        margin: 0 !important;\n        padding: 0 !important;\n        padding-top: 0 !important;\n        padding-bottom: 0 !important;\n        width: 100%;\n    }\n    \n    \/* \u0423\u0431\u0438\u0440\u0430\u0435\u043c padding \u0443 \u0440\u043e\u0434\u0438\u0442\u0435\u043b\u044c\u0441\u043a\u0438\u0445 \u043a\u043e\u043d\u0442\u0435\u0439\u043d\u0435\u0440\u043e\u0432 *\/\n    .container:has(.norwegian-courses-products-section),\n    .container-fluid:has(.norwegian-courses-products-section),\n    section:has(.norwegian-courses-products-section),\n    div:has(.norwegian-courses-products-section) {\n        padding-top: 0 !important;\n        padding-bottom: 0 !important;\n    }\n    \n    .norwegian-courses-products-section * {\n        box-sizing: border-box;\n    }\n\n    .norwegian-courses-products-header {\n        text-align: center;\n        margin: 0 0 30px 0;\n    }\n\n    .norwegian-courses-products-title {\n        font-size: 32px;\n        font-weight: 700;\n        color: #1E1819;\n        margin: 0 0 16px 0;\n        line-height: 1.2;\n    }\n\n    .norwegian-courses-products-description {\n        font-size: 18px;\n        color: #656565;\n        margin: 0 0 20px 0;\n        line-height: 1.5;\n    }\n\n    .norwegian-courses-products-grid {\n        display: grid;\n        grid-template-columns: repeat(6, 1fr);\n        gap: 20px;\n        margin: 0 0 30px 0;\n        list-style: none;\n        padding: 0;\n        width: 100%;\n        box-sizing: border-box;\n    }\n\n    .norwegian-courses-products-grid li.category-item {\n        width: 100%;\n        max-width: 100%;\n        margin: 0;\n        float: none;\n        background: #fff;\n        border: 1px solid #E8E8E8;\n        border-radius: 8px;\n        padding: 15px;\n        position: relative;\n        display: flex;\n        flex-direction: column;\n        height: auto;\n        min-height: 100%;\n        box-sizing: border-box;\n    }\n\n    .norwegian-courses-products-grid li.category-item:hover {\n        border-color: #1E1819;\n        box-shadow: 0 4px 12px rgba(0, 0, 0, 0.1);\n    }\n\n    .norwegian-courses-products-grid li.category-item.active {\n        border-color: #1E1819;\n        background-color: #F8F8F8;\n        box-shadow: 0 2px 8px rgba(0, 0, 0, 0.08);\n    }\n\n    .norwegian-courses-products-grid .category-item .category-link {\n        display: flex;\n        flex-direction: column;\n        flex: 1;\n        text-decoration: none;\n        color: inherit;\n        min-height: 0;\n        width: 100%;\n    }\n\n    .norwegian-courses-products-grid .category-name {\n        font-size: 16px;\n        margin: 0 0 8px 0;\n        color: #1E1819;\n        font-weight: 600;\n        line-height: 1.3;\n        min-height: 40px;\n    }\n\n    .norwegian-courses-products-grid .category-product-count {\n        font-size: 14px;\n        color: #656565;\n        margin-bottom: 12px;\n    }\n\n    .norwegian-courses-products-grid .category-actions {\n        margin-top: 15px;\n    }\n\n    .norwegian-courses-products-grid .category-actions a.button,\n    .norwegian-courses-products-grid .category-actions .category-button {\n        width: 100%;\n        font-size: 16px;\n        font-weight: 600;\n        min-height: 48px;\n        letter-spacing: 0.02em;\n        line-height: 1;\n        padding: 8px 16px;\n        border-radius: 10px;\n        display: inline-flex;\n        align-items: center;\n        justify-content: center;\n        background-color: #1E1819;\n        color: #fff;\n        border: none;\n        text-decoration: none;\n        text-align: center;\n        vertical-align: middle;\n    }\n\n    .norwegian-courses-products-grid .category-actions .button:hover,\n    .norwegian-courses-products-grid .category-actions .category-button:hover {\n        background-color: rgba(30, 24, 25, 0.8);\n        color: #fff;\n    }\n\n    .norwegian-courses-products-header .norwegian-courses-products-button-wrapper {\n        margin: 0;\n        text-align: center;\n        display: none;\n    }\n    \n    .norwegian-courses-products-button-wrapper.desktop-button {\n        margin: 30px 0 0 0;\n        text-align: center;\n        display: block;\n    }\n    \n    .norwegian-courses-products-button-wrapper {\n        margin: 0;\n        text-align: center;\n    }\n\n    .norwegian-courses-products-button {\n        display: inline-block;\n        padding: 16px 32px;\n        font-size: 18px;\n        font-weight: 600;\n        color: #1E1819;\n        background-color: transparent;\n        border: 2px solid #1E1819;\n        border-radius: 10px;\n        text-decoration: none;\n        transition: all 0.3s ease;\n        min-height: 56px;\n        line-height: 1.2;\n        letter-spacing: 0.02em;\n        white-space: nowrap;\n    }\n\n    .norwegian-courses-products-button:hover {\n        background-color: #1E1819;\n        color: #fff;\n    }\n\n    \/* Tablet - 3 columns *\/\n    @media (max-width: 1200px) {\n        .norwegian-courses-products-grid {\n            grid-template-columns: repeat(3, 1fr);\n            gap: 16px;\n        }\n        \n        .norwegian-courses-products-title {\n            font-size: 28px;\n        }\n        \n        .norwegian-courses-products-description {\n            font-size: 16px;\n        }\n    }\n\n    \/* Mobile - 2 columns *\/\n    @media (max-width: 767px) {\n        .norwegian-courses-products-section {\n            margin: 0;\n        }\n        \n        .norwegian-courses-products-header {\n            margin-bottom: 20px;\n        }\n        \n        .norwegian-courses-products-title {\n            font-size: 24px;\n            margin: 0 0 12px 0;\n        }\n        \n        .norwegian-courses-products-description {\n            font-size: 16px;\n            margin: 0 0 16px 0;\n        }\n        \n        .norwegian-courses-products-header .norwegian-courses-products-button-wrapper {\n            display: block;\n            width: 100%;\n            text-align: center;\n        }\n        \n        .norwegian-courses-products-button-wrapper.desktop-button {\n            display: none;\n        }\n        \n        .norwegian-courses-products-button {\n            width: 100%;\n            padding: 14px 24px;\n            font-size: 16px;\n            min-height: 52px;\n        }\n        \n        .norwegian-courses-products-grid {\n            grid-template-columns: repeat(2, 1fr);\n            gap: 12px;\n            margin-bottom: 20px;\n        }\n        \n        .norwegian-courses-products-grid li.category-item {\n            padding: 12px;\n        }\n        \n        .norwegian-courses-products-grid .category-name {\n            font-size: 14px;\n            min-height: 36px;\n        }\n        \n        .norwegian-courses-products-grid .category-product-count {\n            font-size: 12px;\n        }\n        \n        .norwegian-courses-products-grid .category-actions a.button,\n        .norwegian-courses-products-grid .category-actions .category-button {\n            font-size: 14px;\n            min-height: 44px;\n            padding: 6px 12px;\n        }\n        \n        .norwegian-courses-products-button {\n            width: 100%;\n            font-size: 16px;\n            padding: 14px 24px;\n            min-height: 52px;\n            text-align: center;\n        }\n    }\n\n    \/* Small mobile - keep 2 columns for 2x3 grid *\/\n    @media (max-width: 480px) {\n        .norwegian-courses-products-grid {\n            grid-template-columns: repeat(2, 1fr);\n        }\n    }\n    <\/style>\n\n    <div class=\"norwegian-courses-products-wrapper\">\n        <div class=\"norwegian-courses-products-section\">\n        <div class=\"norwegian-courses-products-header\">\n            <h2 class=\"norwegian-courses-products-title\">Norv\u0113\u0123u valodas kursi<\/h2>\n            <p class=\"norwegian-courses-products-description\">No nulles l\u012bdz p\u0101rliecin\u0101tai norv\u0113\u0123u valodai - viss \u0113rtam startam jau \u0161eit.<\/p>\n        <\/div>\n        \n                    <ul class=\"norwegian-courses-products-grid norwegian-courses-categories-grid\">\n                                    <li class=\"category-item\" data-category-id=\"all\" data-category-slug=\"\">\n                        <a href=\"https:\/\/dariapureschool.com\/lv\/norvegu-valodas-kursi\/\" class=\"category-link\">\n                            <h3 class=\"category-name\">Visas preces<\/h3>\n                            <div class=\"category-product-count\">8 Preces<\/div>\n                        <\/a>\n                        <div class=\"category-actions\">\n                            <a href=\"https:\/\/dariapureschool.com\/lv\/norvegu-valodas-kursi\/\" class=\"category-button\">\n                                Uzzin\u0101t vair\u0101k                            <\/a>\n                        <\/div>\n                    <\/li>\n                                    <li class=\"category-item\" data-category-id=\"174\" data-category-slug=\"norvegu-valoda-iesacejiem-a1-1-a2\">\n                        <a href=\"https:\/\/dariapureschool.com\/lv\/norvegu-valodas-kursi\/#norvegu-valoda-iesacejiem-a1-1-a2\" class=\"category-link\">\n                            <h3 class=\"category-name\">Norv\u0113\u0123u valoda ies\u0101c\u0113jiem (A1.1-A2)<\/h3>\n                            <div class=\"category-product-count\">3 Preces<\/div>\n                        <\/a>\n                        <div class=\"category-actions\">\n                            <a href=\"https:\/\/dariapureschool.com\/lv\/norvegu-valodas-kursi\/#norvegu-valoda-iesacejiem-a1-1-a2\" class=\"category-button\">\n                                Uzzin\u0101t vair\u0101k                            <\/a>\n                        <\/div>\n                    <\/li>\n                                    <li class=\"category-item\" data-category-id=\"172\" data-category-slug=\"norvegu-valoda-videjam-limenim-b1-1-b2-2\">\n                        <a href=\"https:\/\/dariapureschool.com\/lv\/norvegu-valodas-kursi\/#norvegu-valoda-videjam-limenim-b1-1-b2-2\" class=\"category-link\">\n                            <h3 class=\"category-name\">Norv\u0113\u0123u valoda vid\u0113jam l\u012bmenim (B1.1\u2013B2.2)<\/h3>\n                            <div class=\"category-product-count\">3 Preces<\/div>\n                        <\/a>\n                        <div class=\"category-actions\">\n                            <a href=\"https:\/\/dariapureschool.com\/lv\/norvegu-valodas-kursi\/#norvegu-valoda-videjam-limenim-b1-1-b2-2\" class=\"category-button\">\n                                Uzzin\u0101t vair\u0101k                            <\/a>\n                        <\/div>\n                    <\/li>\n                                    <li class=\"category-item\" data-category-id=\"169\" data-category-slug=\"macibu-materiali\">\n                        <a href=\"https:\/\/dariapureschool.com\/lv\/norvegu-valodas-kursi\/#macibu-materiali\" class=\"category-link\">\n                            <h3 class=\"category-name\">M\u0101c\u012bbu materi\u0101li<\/h3>\n                            <div class=\"category-product-count\">2 Preces<\/div>\n                        <\/a>\n                        <div class=\"category-actions\">\n                            <a href=\"https:\/\/dariapureschool.com\/lv\/norvegu-valodas-kursi\/#macibu-materiali\" class=\"category-button\">\n                                Uzzin\u0101t vair\u0101k                            <\/a>\n                        <\/div>\n                    <\/li>\n                            <\/ul>\n        <script>\n        (function() {\n            function run() {\n            var grid = document.querySelector('.norwegian-courses-categories-grid');\n            if (!grid) return;\n            function updateActiveCategory() {\n                var hash = (window.location.hash || '').replace(\/^#\/, '');\n                var items = grid.querySelectorAll('.category-item');\n                items.forEach(function(item) {\n                    var slug = (item.getAttribute('data-category-slug') || '').trim();\n                    var isMatch = (hash === '' && slug === '') || (hash !== '' && slug === hash);\n                    item.classList.toggle('active', isMatch);\n                });\n            }\n            updateActiveCategory();\n            window.addEventListener('hashchange', updateActiveCategory);\n            if (window.location.hash) {\n                setTimeout(function() {\n                    window.dispatchEvent(new HashChangeEvent('hashchange'));\n                }, 150);\n            }\n            grid.addEventListener('click', function(e) {\n                var link = e.target.closest('a[href*=\"#\"]');\n                if (!link) return;\n                var href = link.getAttribute('href') || '';\n                var hashIdx = href.indexOf('#');\n                if (hashIdx < 0) return;\n                var hashPart = href.substring(hashIdx);\n                var hasFilterProducts = document.querySelector('.product-filter-wrapper');\n                var pathPart = href.substring(0, hashIdx);\n                var isSamePage = false;\n                if (hasFilterProducts) {\n                    isSamePage = true;\n                } else if (pathPart) {\n                    try {\n                        var linkPath = (pathPart.indexOf(':\/\/') >= 0 ? new URL(pathPart, window.location.origin) : new URL(pathPart, window.location.origin)).pathname;\n                        var currentPath = window.location.pathname;\n                        isSamePage = linkPath === currentPath || (linkPath.replace(\/\\\/$\/, '') === currentPath.replace(\/\\\/$\/, ''));\n                    } catch (err) {}\n                } else {\n                    isSamePage = true;\n                }\n                if (isSamePage && hashPart) {\n                    e.preventDefault();\n                    window.location.hash = hashPart;\n                    updateActiveCategory();\n                    window.dispatchEvent(new HashChangeEvent('hashchange'));\n                }\n            });\n            }\n            if (document.readyState === 'loading') {\n                document.addEventListener('DOMContentLoaded', run);\n            } else {\n                run();\n            }\n        })();\n        <\/script>\n                \n        <\/div>\n    <\/div>\n\n    \n\n\n    <div class=\"stuff_company\" id=\"feedback_scroll\">\n            <div class=\"top_st\">\n                <span class=\"title_feedback\">Atsauksmes<\/span>\n                <p class=\"sub_title\">Paklausieties, ko m\u016bsu studenti st\u0101sta par m\u016bsu skolu<\/p>\n            <\/div>\n            <div class=\"swiper wrap_stuff_new\">\n                <div class=\"swiper-wrapper\">\n                                            <div class=\"swiper-slide item_stuff\">\n                            <div class=\"photo_stuff\">\n                                <video src=\"https:\/\/dariapureschool.com\/wp-content\/uploads\/2025\/08\/lidya-original.mp4\" controls><\/video>                            <\/div>\n                            <div class=\"top_stuff_tem\">\n                                <span class=\"name\">Lidija<\/span>\n                            <\/div>\n                            <span class=\"describe_person\">\n<p>Darias nodarb\u012bbas man pal\u012bdz\u0113ja no nulles non\u0101kt l\u012bdz l\u012bmenim, kur varu br\u012bvi run\u0101t norv\u0113\u0123iski veikalos, kafejn\u012bc\u0101s un ar draugiem \u2013 un progress ir redzams visiem man apk\u0101rt.<\/p>\n<\/span>\n                        <\/div>\n                                            <div class=\"swiper-slide item_stuff\">\n                            <div class=\"photo_stuff\">\n                                <video src=\"https:\/\/dariapureschool.com\/wp-content\/uploads\/2025\/08\/mariana-original.mp4\" controls><\/video>                            <\/div>\n                            <div class=\"top_stuff_tem\">\n                                <span class=\"name\">Maria<\/span>\n                            <\/div>\n                            <span class=\"describe_person\">\n<p>Darias kurss man deva patie\u0161\u0101m redzamu rezult\u0101tu \u2013 es s\u0101ku run\u0101t norv\u0113\u0123iski, un manu progresu paman\u012bja pat norv\u0113\u0123i.<\/p>\n<\/span>\n                        <\/div>\n                                            <div class=\"swiper-slide item_stuff\">\n                            <div class=\"photo_stuff\">\n                                <video src=\"https:\/\/dariapureschool.com\/wp-content\/uploads\/2025\/08\/violetta-720p.mp4\" controls><\/video>                            <\/div>\n                            <div class=\"top_stuff_tem\">\n                                <span class=\"name\">Violetta<\/span>\n                            <\/div>\n                            <span class=\"describe_person\">\n<p>Darias tie\u0161saistes skola man deva strukt\u016bru, motiv\u0101ciju un praktisku treni\u0146u \u2013 tagad norv\u0113\u0123u valodu m\u0101c\u012bties ir gan viegli, gan interesanti, un rezult\u0101ti ir j\u016btami ikdien\u0101.<\/p>\n<\/span>\n                        <\/div>\n                                    <\/div>\n                <div class=\"swiper-nav\">\n                    <div class=\"swiper-button-prev prev-feedback\"><\/div>\n                    <div class=\"swiper-button-next next-feedback\"><\/div>\n                <\/div>\n            <\/div>\n    <\/div>\n    <script>\n      const swiper_feedback = new Swiper('.wrap_stuff_new', {\n        \/\/ Optional parameters\n        slidesPerView: 1,\n        breakpoints: {\n          1024: {\n            slidesPerView: 2,\n            spaceBetween: 24,\n          },\n          1280: {\n            slidesPerView: 3,\n            spaceBetween: 24,\n          },\n        },\n        loop: true,\n\n        \/\/ Navigation arrows\n        navigation: {\n          nextEl: '.next-feedback',\n          prevEl: '.prev-feedback',\n        },\n      });\n    <\/script>\n    \n\n        <div class=\"logos-container \">\n        <div class=\"logos-wrapper\">\n                        <div class=\"logo-item\">\n                                <a href=\"https:\/\/hkdir.no\/\" target=\"_blank\" rel=\"noopener\">\n                                <div class=\"logo-card\">\n                    <div class=\"logo-image-wrapper\">\n                        <img decoding=\"async\" src=\"https:\/\/dariapureschool.com\/wp-content\/uploads\/2025\/10\/direktoratet-for-hoyere-utdanning-og-kompetanse-logo-1.svg\" alt=\"HK-dir\" class=\"logo-image\">\n                    <\/div>\n                    <div class=\"logo-info\">\n                        <div class=\"logo-title\">HK-dir<\/div>\n                        <div class=\"logo-description\">Ofici\u0101la Norv\u0113\u0123ijas instit\u016bcija, kas uzrauga izgl\u012bt\u012bbas kvalit\u0101ti un akredit\u0113 valodu skolas. M\u016bsu apm\u0101c\u012bba atbilst Norv\u0113\u0123ijas standartiem un ir atz\u012bta valsts l\u012bmen\u012b.<\/div>\n                    <\/div>\n                <\/div>\n                                <\/a>\n                            <\/div>\n                        \n                        <div class=\"logo-item\">\n                                <a href=\"https:\/\/www.nav.no\/\" target=\"_blank\" rel=\"noopener\">\n                                <div class=\"logo-card\">\n                    <div class=\"logo-image-wrapper\">\n                        <img decoding=\"async\" src=\"https:\/\/dariapureschool.com\/wp-content\/uploads\/2025\/10\/nav-logo.svg\" alt=\"NAV (Arbeids- og velferdsetaten)\" class=\"logo-image\">\n                    <\/div>\n                    <div class=\"logo-info\">\n                        <div class=\"logo-title\">NAV (Arbeids- og velferdsetaten)<\/div>\n                        <div class=\"logo-description\">Nacion\u0101l\u0101 Norv\u0113\u0123ijas nodarbin\u0101t\u012bbas un soci\u0101l\u0101s aizsardz\u012bbas a\u0123ent\u016bra. M\u016bsu studenti bie\u017ei sadarbojas ar NAV, apg\u016bstot m\u0101c\u012bbas integr\u0101cijai un profesion\u0101lajai att\u012bst\u012bbai Norv\u0113\u0123ij\u0101.<\/div>\n                    <\/div>\n                <\/div>\n                                <\/a>\n                            <\/div>\n                        \n                        <div class=\"logo-item\">\n                                <a href=\"https:\/\/www.nccl.lv\/\" target=\"_blank\" rel=\"noopener\">\n                                <div class=\"logo-card\">\n                    <div class=\"logo-image-wrapper\">\n                        <img decoding=\"async\" src=\"https:\/\/dariapureschool.com\/wp-content\/uploads\/2025\/11\/nccl-1.svg\" alt=\"NCCL\" class=\"logo-image\">\n                    <\/div>\n                    <div class=\"logo-info\">\n                        <div class=\"logo-title\">NCCL<\/div>\n                        <div class=\"logo-description\">Nacion\u0101lais m\u0101c\u012bbu un kompeten\u010du att\u012bst\u012bbas centrs (NCCL). M\u016bsu studenti sadarbojas ar NCCL, piedaloties adapt\u0101cijas, kvalifik\u0101cijas paaugstin\u0101\u0161anas un prasmju apliecin\u0101\u0161anas programm\u0101s darbam Norv\u0113\u0123ij\u0101.<\/div>\n                    <\/div>\n                <\/div>\n                                <\/a>\n                            <\/div>\n                    <\/div>\n    <\/div>\n    \n\n\n\n<p><\/p>\n","protected":false},"excerpt":{"rendered":"","protected":false},"author":1,"featured_media":0,"parent":0,"menu_order":0,"comment_status":"closed","ping_status":"closed","template":"","meta":{"_acf_changed":false,"footnotes":""},"class_list":["post-994","page","type-page","status-publish","hentry"],"acf":[],"aioseo_notices":[],"_links":{"self":[{"href":"https:\/\/dariapureschool.com\/lv\/wp-json\/wp\/v2\/pages\/994","targetHints":{"allow":["GET"]}}],"collection":[{"href":"https:\/\/dariapureschool.com\/lv\/wp-json\/wp\/v2\/pages"}],"about":[{"href":"https:\/\/dariapureschool.com\/lv\/wp-json\/wp\/v2\/types\/page"}],"author":[{"embeddable":true,"href":"https:\/\/dariapureschool.com\/lv\/wp-json\/wp\/v2\/users\/1"}],"replies":[{"embeddable":true,"href":"https:\/\/dariapureschool.com\/lv\/wp-json\/wp\/v2\/comments?post=994"}],"version-history":[{"count":13,"href":"https:\/\/dariapureschool.com\/lv\/wp-json\/wp\/v2\/pages\/994\/revisions"}],"predecessor-version":[{"id":1613,"href":"https:\/\/dariapureschool.com\/lv\/wp-json\/wp\/v2\/pages\/994\/revisions\/1613"}],"wp:attachment":[{"href":"https:\/\/dariapureschool.com\/lv\/wp-json\/wp\/v2\/media?parent=994"}],"curies":[{"name":"wp","href":"https:\/\/api.w.org\/{rel}","templated":true}]}}