{"id":1137,"date":"2025-10-20T23:21:08","date_gmt":"2025-10-20T20:21:08","guid":{"rendered":"https:\/\/dariapureschool.com\/norvegu-valodas-kursi\/Bez%20kategorijas\/b2-1-prodvinyutyj-uroven-vladeniya-norvezhskim\/"},"modified":"2026-01-09T13:02:10","modified_gmt":"2026-01-09T10:02:10","slug":"b2-1-norvegu-valodas-augstaks-limenis","status":"publish","type":"product","link":"https:\/\/dariapureschool.com\/lv\/norvegu-valodas-kursi\/norvegu-valoda-videjam-limenim-b1-1-b2-2\/b2-1-norvegu-valodas-augstaks-limenis\/","title":{"rendered":"B2.1 \u2013 norv\u0113\u0123u valodas augst\u0101ks l\u012bmenis"},"content":{"rendered":"<p>Profesion\u0101la valodas prakse p\u0101rliecin\u0101tiem lietot\u0101jiem, kuri v\u0113las run\u0101t prec\u012bzi, br\u012bvi un dro\u0161i darb\u0101, m\u0101c\u012bb\u0101s un ikdien\u0101.<\/p>\n","protected":false},"excerpt":{"rendered":"<p>Profesion\u0101la valodas prakse p\u0101rliecin\u0101tiem lietot\u0101jiem, kuri v\u0113las run\u0101t prec\u012bzi, br\u012bvi un dro\u0161i darb\u0101, m\u0101c\u012bb\u0101s un ikdien\u0101.<\/p>\n","protected":false},"featured_media":1124,"template":"woocommerce\/single-product-custom.php","meta":{"_acf_changed":false},"product_brand":[],"product_cat":[172],"product_tag":[],"class_list":{"0":"post-1137","1":"product","2":"type-product","3":"status-publish","4":"has-post-thumbnail","6":"product_cat-norvegu-valoda-videjam-limenim-b1-1-b2-2","8":"first","9":"instock","10":"virtual","11":"purchasable","12":"product-type-simple"},"acf":[],"aioseo_notices":[],"_links":{"self":[{"href":"https:\/\/dariapureschool.com\/lv\/wp-json\/wp\/v2\/product\/1137","targetHints":{"allow":["GET"]}}],"collection":[{"href":"https:\/\/dariapureschool.com\/lv\/wp-json\/wp\/v2\/product"}],"about":[{"href":"https:\/\/dariapureschool.com\/lv\/wp-json\/wp\/v2\/types\/product"}],"wp:featuredmedia":[{"embeddable":true,"href":"https:\/\/dariapureschool.com\/lv\/wp-json\/wp\/v2\/media\/1124"}],"wp:attachment":[{"href":"https:\/\/dariapureschool.com\/lv\/wp-json\/wp\/v2\/media?parent=1137"}],"wp:term":[{"taxonomy":"product_brand","embeddable":true,"href":"https:\/\/dariapureschool.com\/lv\/wp-json\/wp\/v2\/product_brand?post=1137"},{"taxonomy":"product_cat","embeddable":true,"href":"https:\/\/dariapureschool.com\/lv\/wp-json\/wp\/v2\/product_cat?post=1137"},{"taxonomy":"product_tag","embeddable":true,"href":"https:\/\/dariapureschool.com\/lv\/wp-json\/wp\/v2\/product_tag?post=1137"}],"curies":[{"name":"wp","href":"https:\/\/api.w.org\/{rel}","templated":true}]}}