{"id":1147,"date":"2025-10-07T13:38:34","date_gmt":"2025-10-07T10:38:34","guid":{"rendered":"https:\/\/dariapureschool.com\/norvegu-valodas-kursi\/Bez%20kategorijas\/yazykovoy-ezhednevnik\/"},"modified":"2025-11-23T22:54:41","modified_gmt":"2025-11-23T19:54:41","slug":"valodas-dienasgramata","status":"publish","type":"product","link":"https:\/\/dariapureschool.com\/lv\/norvegu-valodas-kursi\/macibu-materiali\/valodas-dienasgramata\/","title":{"rendered":"Valodas dienasgr\u0101mata"},"content":{"rendered":"<p class=\"p1\">Tas nav tikai dienasgr\u0101mata, bet atbalsts ce\u013c\u0101 uz m\u0113r\u0137i. T\u0101 pal\u012bdz m\u0101c\u012bties, augt un nezaud\u0113t fokusu \u2014 sav\u0101 ritm\u0101 un ar p\u0101rliec\u012bbu par sevi.<\/p>\n","protected":false},"excerpt":{"rendered":"<p>Tas nav tikai dienasgr\u0101mata, bet atbalsts ce\u013c\u0101 uz m\u0113r\u0137i. T\u0101 pal\u012bdz m\u0101c\u012bties, augt un nezaud\u0113t fokusu \u2014 sav\u0101 ritm\u0101 un ar p\u0101rliec\u012bbu par sevi.<\/p>\n","protected":false},"featured_media":1652,"template":"woocommerce\/single-product-custom.php","meta":{"_acf_changed":false},"product_brand":[],"product_cat":[169],"product_tag":[],"class_list":{"0":"post-1147","1":"product","2":"type-product","3":"status-publish","4":"has-post-thumbnail","6":"product_cat-macibu-materiali","8":"first","9":"instock","10":"shipping-taxable","11":"purchasable","12":"product-type-variable"},"acf":[],"aioseo_notices":[],"_links":{"self":[{"href":"https:\/\/dariapureschool.com\/lv\/wp-json\/wp\/v2\/product\/1147","targetHints":{"allow":["GET"]}}],"collection":[{"href":"https:\/\/dariapureschool.com\/lv\/wp-json\/wp\/v2\/product"}],"about":[{"href":"https:\/\/dariapureschool.com\/lv\/wp-json\/wp\/v2\/types\/product"}],"wp:featuredmedia":[{"embeddable":true,"href":"https:\/\/dariapureschool.com\/lv\/wp-json\/wp\/v2\/media\/1652"}],"wp:attachment":[{"href":"https:\/\/dariapureschool.com\/lv\/wp-json\/wp\/v2\/media?parent=1147"}],"wp:term":[{"taxonomy":"product_brand","embeddable":true,"href":"https:\/\/dariapureschool.com\/lv\/wp-json\/wp\/v2\/product_brand?post=1147"},{"taxonomy":"product_cat","embeddable":true,"href":"https:\/\/dariapureschool.com\/lv\/wp-json\/wp\/v2\/product_cat?post=1147"},{"taxonomy":"product_tag","embeddable":true,"href":"https:\/\/dariapureschool.com\/lv\/wp-json\/wp\/v2\/product_tag?post=1147"}],"curies":[{"name":"wp","href":"https:\/\/api.w.org\/{rel}","templated":true}]}}