{"id":1171,"date":"2025-10-06T22:18:59","date_gmt":"2025-10-06T19:18:59","guid":{"rendered":"https:\/\/dariapureschool.com\/norvegu-valodas-kursi\/Bez%20kategorijas\/a1-2-uverennoe-prodolzhenie-posle-bazovogo-urovnya\/"},"modified":"2025-11-23T23:42:22","modified_gmt":"2025-11-23T20:42:22","slug":"a1-2-parliecinats-turpinajums","status":"publish","type":"product","link":"https:\/\/dariapureschool.com\/lv\/norvegu-valodas-kursi\/norvegu-valoda-iesacejiem-a1-1-a2\/a1-2-parliecinats-turpinajums\/","title":{"rendered":"A1.2 \u2014 p\u0101rliecin\u0101ts turpin\u0101jums p\u0113c pamatl\u012bme\u0146a"},"content":{"rendered":"<p>Papla\u0161in\u0101siet v\u0101rdu kr\u0101jumu un iem\u0101c\u012bsieties br\u012bvi run\u0101t par sevi, \u0123imeni, \u0113dienu un ikdienas situ\u0101cij\u0101m. Vair\u0101k prakses, vair\u0101k p\u0101rliec\u012bbas.<\/p>\n","protected":false},"excerpt":{"rendered":"<p>Papla\u0161in\u0101siet v\u0101rdu kr\u0101jumu un iem\u0101c\u012bsieties br\u012bvi run\u0101t par sevi, \u0123imeni, \u0113dienu un ikdienas situ\u0101cij\u0101m. Vair\u0101k prakses, vair\u0101k p\u0101rliec\u012bbas.<\/p>\n","protected":false},"featured_media":1172,"template":"woocommerce\/single-product-custom.php","meta":{"_acf_changed":false},"product_brand":[],"product_cat":[174],"product_tag":[],"class_list":{"0":"post-1171","1":"product","2":"type-product","3":"status-publish","4":"has-post-thumbnail","6":"product_cat-norvegu-valoda-iesacejiem-a1-1-a2","8":"first","9":"instock","10":"virtual","11":"purchasable","12":"product-type-simple"},"acf":[],"aioseo_notices":[],"_links":{"self":[{"href":"https:\/\/dariapureschool.com\/lv\/wp-json\/wp\/v2\/product\/1171","targetHints":{"allow":["GET"]}}],"collection":[{"href":"https:\/\/dariapureschool.com\/lv\/wp-json\/wp\/v2\/product"}],"about":[{"href":"https:\/\/dariapureschool.com\/lv\/wp-json\/wp\/v2\/types\/product"}],"wp:featuredmedia":[{"embeddable":true,"href":"https:\/\/dariapureschool.com\/lv\/wp-json\/wp\/v2\/media\/1172"}],"wp:attachment":[{"href":"https:\/\/dariapureschool.com\/lv\/wp-json\/wp\/v2\/media?parent=1171"}],"wp:term":[{"taxonomy":"product_brand","embeddable":true,"href":"https:\/\/dariapureschool.com\/lv\/wp-json\/wp\/v2\/product_brand?post=1171"},{"taxonomy":"product_cat","embeddable":true,"href":"https:\/\/dariapureschool.com\/lv\/wp-json\/wp\/v2\/product_cat?post=1171"},{"taxonomy":"product_tag","embeddable":true,"href":"https:\/\/dariapureschool.com\/lv\/wp-json\/wp\/v2\/product_tag?post=1171"}],"curies":[{"name":"wp","href":"https:\/\/api.w.org\/{rel}","templated":true}]}}