{"id":825,"date":"2025-08-26T20:32:56","date_gmt":"2025-08-26T17:32:56","guid":{"rendered":"https:\/\/dariapureschool.com\/forside\/"},"modified":"2025-12-02T11:03:40","modified_gmt":"2025-12-02T08:03:40","slug":"forside","status":"publish","type":"page","link":"https:\/\/dariapureschool.com\/no\/","title":{"rendered":"Forside"},"content":{"rendered":"\n<div class=\"wp-block-dariapureschool-banner banner-block\" style=\"background-image:url(https:\/\/dariapureschool.com\/wp-content\/uploads\/2025\/10\/language-school-norwegian-daria-pure-school-1.webp)\"><div class=\"container-banner\"><h2 class=\"title_banner\">L\u00e6r norsk p\u00e5 nett med Daria Pure Language School<\/h2><a href=\"https:\/\/dariapureschool.com\/no\/norskkurs\/\" class=\"btn primary\">Velg l\u00e6remateriale<\/a><div class=\"features\"><\/div><\/div><img decoding=\"async\" class=\"illustration\" src=\"https:\/\/dariapureschool.com\/wp-content\/uploads\/2025\/08\/20250112-DSC06424-Photoroom-1.png\"\/><\/div>\n\n\n\n<div id=\"about_scroll\" class=\"wp-block-dariapureschool-about-us about-block\">\r\n<div class=\"about-container\">\r\n<div class=\"text_about\"><span class=\"tittle_about\">Om skolen<\/span>\r\n<div class=\"name-text\">\r\n<p class=\"line\">Akkreditert norskskole &#8211; l\u00e6r enkelt og effektivt.<\/p>\r\n<div class=\"more-link\"><a href=\"https:\/\/dariapureschool.com\/no\/om-skolen\/\">Mer om skolen<\/a><\/div>\r\n<\/div>\r\n<\/div>\r\n<div class=\"extra-list\">\r\n<div class=\"extra-item\"><img decoding=\"async\" class=\"icon\" src=\"https:\/\/dariapureschool.com\/wp-content\/uploads\/2025\/08\/Group-782.png\" \/>\r\n<h3>i drift<\/h3>\r\n<p>siden 2007<\/p>\r\n<\/div>\r\n<div class=\"extra-item\"><img decoding=\"async\" class=\"icon\" src=\"https:\/\/dariapureschool.com\/wp-content\/uploads\/2025\/08\/Frame-757.png\" \/>\r\n<h3>har undervist over<\/h3>\r\n<p>5000 studenter<\/p>\r\n<\/div>\r\n<\/div>\r\n<\/div>\r\n<div class=\"illustration\"><img decoding=\"async\" src=\"https:\/\/dariapureschool.com\/wp-content\/uploads\/2025\/08\/Mask-group.png\" \/><\/div>\r\n<\/div>\n\n\n\n    <style>\n    \/* Norwegian Courses Products Section *\/\n    .norwegian-courses-products-wrapper {\n        width: 100%;\n        box-sizing: border-box;\n        margin-bottom: 40px;\n    }\n    \n    .norwegian-courses-products-section {\n        margin: 0 !important;\n        padding: 0 !important;\n        padding-top: 0 !important;\n        padding-bottom: 0 !important;\n        width: 100%;\n    }\n    \n    \/* \u0423\u0431\u0438\u0440\u0430\u0435\u043c padding \u0443 \u0440\u043e\u0434\u0438\u0442\u0435\u043b\u044c\u0441\u043a\u0438\u0445 \u043a\u043e\u043d\u0442\u0435\u0439\u043d\u0435\u0440\u043e\u0432 *\/\n    .container:has(.norwegian-courses-products-section),\n    .container-fluid:has(.norwegian-courses-products-section),\n    section:has(.norwegian-courses-products-section),\n    div:has(.norwegian-courses-products-section) {\n        padding-top: 0 !important;\n        padding-bottom: 0 !important;\n    }\n    \n    .norwegian-courses-products-section * {\n        box-sizing: border-box;\n    }\n\n    .norwegian-courses-products-header {\n        text-align: center;\n        margin: 0 0 30px 0;\n    }\n\n    .norwegian-courses-products-title {\n        font-size: 32px;\n        font-weight: 700;\n        color: #1E1819;\n        margin: 0 0 16px 0;\n        line-height: 1.2;\n    }\n\n    .norwegian-courses-products-description {\n        font-size: 18px;\n        color: #656565;\n        margin: 0 0 20px 0;\n        line-height: 1.5;\n    }\n\n    .norwegian-courses-products-grid {\n        display: grid;\n        grid-template-columns: repeat(6, 1fr);\n        gap: 20px;\n        margin: 0 0 30px 0;\n        list-style: none;\n        padding: 0;\n        width: 100%;\n        box-sizing: border-box;\n    }\n\n    .norwegian-courses-products-grid li.category-item {\n        width: 100%;\n        max-width: 100%;\n        margin: 0;\n        float: none;\n        background: #fff;\n        border: 1px solid #E8E8E8;\n        border-radius: 8px;\n        padding: 15px;\n        position: relative;\n        display: flex;\n        flex-direction: column;\n        height: auto;\n        min-height: 100%;\n        box-sizing: border-box;\n    }\n\n    .norwegian-courses-products-grid li.category-item:hover {\n        border-color: #1E1819;\n        box-shadow: 0 4px 12px rgba(0, 0, 0, 0.1);\n    }\n\n    .norwegian-courses-products-grid li.category-item.active {\n        border-color: #1E1819;\n        background-color: #F8F8F8;\n        box-shadow: 0 2px 8px rgba(0, 0, 0, 0.08);\n    }\n\n    .norwegian-courses-products-grid .category-item .category-link {\n        display: flex;\n        flex-direction: column;\n        flex: 1;\n        text-decoration: none;\n        color: inherit;\n        min-height: 0;\n        width: 100%;\n    }\n\n    .norwegian-courses-products-grid .category-name {\n        font-size: 16px;\n        margin: 0 0 8px 0;\n        color: #1E1819;\n        font-weight: 600;\n        line-height: 1.3;\n        min-height: 40px;\n    }\n\n    .norwegian-courses-products-grid .category-product-count {\n        font-size: 14px;\n        color: #656565;\n        margin-bottom: 12px;\n    }\n\n    .norwegian-courses-products-grid .category-actions {\n        margin-top: 15px;\n    }\n\n    .norwegian-courses-products-grid .category-actions a.button,\n    .norwegian-courses-products-grid .category-actions .category-button {\n        width: 100%;\n        font-size: 16px;\n        font-weight: 600;\n        min-height: 48px;\n        letter-spacing: 0.02em;\n        line-height: 1;\n        padding: 8px 16px;\n        border-radius: 10px;\n        display: inline-flex;\n        align-items: center;\n        justify-content: center;\n        background-color: #1E1819;\n        color: #fff;\n        border: none;\n        text-decoration: none;\n        text-align: center;\n        vertical-align: middle;\n    }\n\n    .norwegian-courses-products-grid .category-actions .button:hover,\n    .norwegian-courses-products-grid .category-actions .category-button:hover {\n        background-color: rgba(30, 24, 25, 0.8);\n        color: #fff;\n    }\n\n    .norwegian-courses-products-header .norwegian-courses-products-button-wrapper {\n        margin: 0;\n        text-align: center;\n        display: none;\n    }\n    \n    .norwegian-courses-products-button-wrapper.desktop-button {\n        margin: 30px 0 0 0;\n        text-align: center;\n        display: block;\n    }\n    \n    .norwegian-courses-products-button-wrapper {\n        margin: 0;\n        text-align: center;\n    }\n\n    .norwegian-courses-products-button {\n        display: inline-block;\n        padding: 16px 32px;\n        font-size: 18px;\n        font-weight: 600;\n        color: #1E1819;\n        background-color: transparent;\n        border: 2px solid #1E1819;\n        border-radius: 10px;\n        text-decoration: none;\n        transition: all 0.3s ease;\n        min-height: 56px;\n        line-height: 1.2;\n        letter-spacing: 0.02em;\n        white-space: nowrap;\n    }\n\n    .norwegian-courses-products-button:hover {\n        background-color: #1E1819;\n        color: #fff;\n    }\n\n    \/* Tablet - 3 columns *\/\n    @media (max-width: 1200px) {\n        .norwegian-courses-products-grid {\n            grid-template-columns: repeat(3, 1fr);\n            gap: 16px;\n        }\n        \n        .norwegian-courses-products-title {\n            font-size: 28px;\n        }\n        \n        .norwegian-courses-products-description {\n            font-size: 16px;\n        }\n    }\n\n    \/* Mobile - 2 columns *\/\n    @media (max-width: 767px) {\n        .norwegian-courses-products-section {\n            margin: 0;\n        }\n        \n        .norwegian-courses-products-header {\n            margin-bottom: 20px;\n        }\n        \n        .norwegian-courses-products-title {\n            font-size: 24px;\n            margin: 0 0 12px 0;\n        }\n        \n        .norwegian-courses-products-description {\n            font-size: 16px;\n            margin: 0 0 16px 0;\n        }\n        \n        .norwegian-courses-products-header .norwegian-courses-products-button-wrapper {\n            display: block;\n            width: 100%;\n            text-align: center;\n        }\n        \n        .norwegian-courses-products-button-wrapper.desktop-button {\n            display: none;\n        }\n        \n        .norwegian-courses-products-button {\n            width: 100%;\n            padding: 14px 24px;\n            font-size: 16px;\n            min-height: 52px;\n        }\n        \n        .norwegian-courses-products-grid {\n            grid-template-columns: repeat(2, 1fr);\n            gap: 12px;\n            margin-bottom: 20px;\n        }\n        \n        .norwegian-courses-products-grid li.category-item {\n            padding: 12px;\n        }\n        \n        .norwegian-courses-products-grid .category-name {\n            font-size: 14px;\n            min-height: 36px;\n        }\n        \n        .norwegian-courses-products-grid .category-product-count {\n            font-size: 12px;\n        }\n        \n        .norwegian-courses-products-grid .category-actions a.button,\n        .norwegian-courses-products-grid .category-actions .category-button {\n            font-size: 14px;\n            min-height: 44px;\n            padding: 6px 12px;\n        }\n        \n        .norwegian-courses-products-button {\n            width: 100%;\n            font-size: 16px;\n            padding: 14px 24px;\n            min-height: 52px;\n            text-align: center;\n        }\n    }\n\n    \/* Small mobile - keep 2 columns for 2x3 grid *\/\n    @media (max-width: 480px) {\n        .norwegian-courses-products-grid {\n            grid-template-columns: repeat(2, 1fr);\n        }\n    }\n    <\/style>\n\n    <div class=\"norwegian-courses-products-wrapper\">\n        <div class=\"norwegian-courses-products-section\">\n        <div class=\"norwegian-courses-products-header\">\n            <h2 class=\"norwegian-courses-products-title\">Norskkurs<\/h2>\n            <p class=\"norwegian-courses-products-description\">Fra nybegynner til trygg norsk - alt for en god start er allerede her.<\/p>\n        <\/div>\n        \n                    <ul class=\"norwegian-courses-products-grid norwegian-courses-categories-grid\">\n                                    <li class=\"category-item\" data-category-id=\"all\" data-category-slug=\"\">\n                        <a href=\"https:\/\/dariapureschool.com\/no\/norskkurs\/\" class=\"category-link\">\n                            <h3 class=\"category-name\">Alle<\/h3>\n                            <div class=\"category-product-count\">8 av varer<\/div>\n                        <\/a>\n                        <div class=\"category-actions\">\n                            <a href=\"https:\/\/dariapureschool.com\/no\/norskkurs\/\" class=\"category-button\">\n                                Les mer                            <\/a>\n                        <\/div>\n                    <\/li>\n                                    <li class=\"category-item\" data-category-id=\"175\" data-category-slug=\"norsk-for-nybegynnere-a1-1-a2\">\n                        <a href=\"https:\/\/dariapureschool.com\/no\/norskkurs\/#norsk-for-nybegynnere-a1-1-a2\" class=\"category-link\">\n                            <h3 class=\"category-name\">Norsk for nybegynnere (A1.1-A2)<\/h3>\n                            <div class=\"category-product-count\">3 av varer<\/div>\n                        <\/a>\n                        <div class=\"category-actions\">\n                            <a href=\"https:\/\/dariapureschool.com\/no\/norskkurs\/#norsk-for-nybegynnere-a1-1-a2\" class=\"category-button\">\n                                Les mer                            <\/a>\n                        <\/div>\n                    <\/li>\n                                    <li class=\"category-item\" data-category-id=\"173\" data-category-slug=\"norsk-pa-mellomniva-b1-1-b2-2\">\n                        <a href=\"https:\/\/dariapureschool.com\/no\/norskkurs\/#norsk-pa-mellomniva-b1-1-b2-2\" class=\"category-link\">\n                            <h3 class=\"category-name\">Norsk p\u00e5 mellomniv\u00e5 (B1.1-B2.2)<\/h3>\n                            <div class=\"category-product-count\">3 av varer<\/div>\n                        <\/a>\n                        <div class=\"category-actions\">\n                            <a href=\"https:\/\/dariapureschool.com\/no\/norskkurs\/#norsk-pa-mellomniva-b1-1-b2-2\" class=\"category-button\">\n                                Les mer                            <\/a>\n                        <\/div>\n                    <\/li>\n                                    <li class=\"category-item\" data-category-id=\"170\" data-category-slug=\"laeremateriell\">\n                        <a href=\"https:\/\/dariapureschool.com\/no\/norskkurs\/#laeremateriell\" class=\"category-link\">\n                            <h3 class=\"category-name\">L\u00e6remateriell<\/h3>\n                            <div class=\"category-product-count\">2 av varer<\/div>\n                        <\/a>\n                        <div class=\"category-actions\">\n                            <a href=\"https:\/\/dariapureschool.com\/no\/norskkurs\/#laeremateriell\" class=\"category-button\">\n                                Les mer                            <\/a>\n                        <\/div>\n                    <\/li>\n                            <\/ul>\n        <script>\n        (function() {\n            function run() {\n            var grid = document.querySelector('.norwegian-courses-categories-grid');\n            if (!grid) return;\n            function updateActiveCategory() {\n                var hash = (window.location.hash || '').replace(\/^#\/, '');\n                var items = grid.querySelectorAll('.category-item');\n                items.forEach(function(item) {\n                    var slug = (item.getAttribute('data-category-slug') || '').trim();\n                    var isMatch = (hash === '' && slug === '') || (hash !== '' && slug === hash);\n                    item.classList.toggle('active', isMatch);\n                });\n            }\n            updateActiveCategory();\n            window.addEventListener('hashchange', updateActiveCategory);\n            if (window.location.hash) {\n                setTimeout(function() {\n                    window.dispatchEvent(new HashChangeEvent('hashchange'));\n                }, 150);\n            }\n            grid.addEventListener('click', function(e) {\n                var link = e.target.closest('a[href*=\"#\"]');\n                if (!link) return;\n                var href = link.getAttribute('href') || '';\n                var hashIdx = href.indexOf('#');\n                if (hashIdx < 0) return;\n                var hashPart = href.substring(hashIdx);\n                var hasFilterProducts = document.querySelector('.product-filter-wrapper');\n                var pathPart = href.substring(0, hashIdx);\n                var isSamePage = false;\n                if (hasFilterProducts) {\n                    isSamePage = true;\n                } else if (pathPart) {\n                    try {\n                        var linkPath = (pathPart.indexOf(':\/\/') >= 0 ? new URL(pathPart, window.location.origin) : new URL(pathPart, window.location.origin)).pathname;\n                        var currentPath = window.location.pathname;\n                        isSamePage = linkPath === currentPath || (linkPath.replace(\/\\\/$\/, '') === currentPath.replace(\/\\\/$\/, ''));\n                    } catch (err) {}\n                } else {\n                    isSamePage = true;\n                }\n                if (isSamePage && hashPart) {\n                    e.preventDefault();\n                    window.location.hash = hashPart;\n                    updateActiveCategory();\n                    window.dispatchEvent(new HashChangeEvent('hashchange'));\n                }\n            });\n            }\n            if (document.readyState === 'loading') {\n                document.addEventListener('DOMContentLoaded', run);\n            } else {\n                run();\n            }\n        })();\n        <\/script>\n                \n        <\/div>\n    <\/div>\n\n    \n\n\n    <div class=\"stuff_company\" id=\"feedback_scroll\">\n            <div class=\"top_st\">\n                <span class=\"title_feedback\">Vurderinger<\/span>\n                <p class=\"sub_title\">H\u00f8r hva studentene v\u00e5re forteller om skolen v\u00e5r<\/p>\n            <\/div>\n            <div class=\"swiper wrap_stuff_new\">\n                <div class=\"swiper-wrapper\">\n                                            <div class=\"swiper-slide item_stuff\">\n                            <div class=\"photo_stuff\">\n                                <video src=\"https:\/\/dariapureschool.com\/wp-content\/uploads\/2025\/08\/lidya-original.mp4\" controls><\/video>                            <\/div>\n                            <div class=\"top_stuff_tem\">\n                                <span class=\"name\">Lidija<\/span>\n                            <\/div>\n                            <span class=\"describe_person\">\r\n<p>Timene hos Daria hjalp meg \u00e5 g\u00e5 fra null til et niv\u00e5 der jeg kan snakke fritt i butikker, p\u00e5 caf\u00e9 og med venner p\u00e5 norsk \u2013 og framgangen er tydelig for alle rundt meg.<\/p>\r\n<\/span>\n                        <\/div>\n                                            <div class=\"swiper-slide item_stuff\">\n                            <div class=\"photo_stuff\">\n                                <video src=\"https:\/\/dariapureschool.com\/wp-content\/uploads\/2025\/08\/mariana-original.mp4\" controls><\/video>                            <\/div>\n                            <div class=\"top_stuff_tem\">\n                                <span class=\"name\">Maria<\/span>\n                            <\/div>\n                            <span class=\"describe_person\">\r\n<p>Kurset hos Daria ga meg et virkelig resultat \u2013 jeg begynte \u00e5 snakke norsk, og framgangen min ble lagt merke til selv av nordmenn.<\/p>\r\n<\/span>\n                        <\/div>\n                                            <div class=\"swiper-slide item_stuff\">\n                            <div class=\"photo_stuff\">\n                                <video src=\"https:\/\/dariapureschool.com\/wp-content\/uploads\/2025\/08\/violetta-720p.mp4\" controls><\/video>                            <\/div>\n                            <div class=\"top_stuff_tem\">\n                                <span class=\"name\">Violetta<\/span>\n                            <\/div>\n                            <span class=\"describe_person\"><p><strong><\/strong><\/p>\r\n<p class=\"p1\">Darias nett\u00adskole ga meg struktur, motivasjon og praktisk trening \u2013 n\u00e5 er det b\u00e5de enkelt og interessant \u00e5 l\u00e6re norsk, og resultatet merkes i hverdagen.<\/p>\r\n<p><strong><\/strong><\/p><\/span>\n                        <\/div>\n                                    <\/div>\n                <div class=\"swiper-nav\">\n                    <div class=\"swiper-button-prev prev-feedback\"><\/div>\n                    <div class=\"swiper-button-next next-feedback\"><\/div>\n                <\/div>\n            <\/div>\n    <\/div>\n    <script>\n      const swiper_feedback = new Swiper('.wrap_stuff_new', {\n        \/\/ Optional parameters\n        slidesPerView: 1,\n        breakpoints: {\n          1024: {\n            slidesPerView: 2,\n            spaceBetween: 24,\n          },\n          1280: {\n            slidesPerView: 3,\n            spaceBetween: 24,\n          },\n        },\n        loop: true,\n\n        \/\/ Navigation arrows\n        navigation: {\n          nextEl: '.next-feedback',\n          prevEl: '.prev-feedback',\n        },\n      });\n    <\/script>\n    \n\n        <div class=\"logos-container \">\n        <div class=\"logos-wrapper\">\n                        <div class=\"logo-item\">\n                                <a href=\"https:\/\/hkdir.no\/\" target=\"_blank\" rel=\"noopener\">\n                                <div class=\"logo-card\">\n                    <div class=\"logo-image-wrapper\">\n                        <img decoding=\"async\" src=\"https:\/\/dariapureschool.com\/wp-content\/uploads\/2025\/10\/direktoratet-for-hoyere-utdanning-og-kompetanse-logo-1.svg\" alt=\"HK-dir\" class=\"logo-image\">\n                    <\/div>\n                    <div class=\"logo-info\">\n                        <div class=\"logo-title\">HK-dir<\/div>\n                        <div class=\"logo-description\">Det er det offisielle organet i Norge som kontrollerer kvaliteten p\u00e5 utdanning og akkrediterer spr\u00e5kskoler. Oppl\u00e6ringen hos oss f\u00f8lger norske standarder og er statlig godkjent.<\/div>\n                    <\/div>\n                <\/div>\n                                <\/a>\n                            <\/div>\n                        \n                        <div class=\"logo-item\">\n                                <a href=\"https:\/\/www.nav.no\/\" target=\"_blank\" rel=\"noopener\">\n                                <div class=\"logo-card\">\n                    <div class=\"logo-image-wrapper\">\n                        <img decoding=\"async\" src=\"https:\/\/dariapureschool.com\/wp-content\/uploads\/2025\/10\/nav-logo.svg\" alt=\"NAV (Arbeids- og velferdsetaten)\" class=\"logo-image\">\n                    <\/div>\n                    <div class=\"logo-info\">\n                        <div class=\"logo-title\">NAV (Arbeids- og velferdsetaten)<\/div>\n                        <div class=\"logo-description\">Det nasjonale arbeids- og velferdsbyr\u00e5et i Norge. Studentene v\u00e5re samarbeider ofte med NAV som en del av oppl\u00e6ring for integrering og faglig utvikling i Norge.<\/div>\n                    <\/div>\n                <\/div>\n                                <\/a>\n                            <\/div>\n                        \n                        <div class=\"logo-item\">\n                                <a href=\"https:\/\/www.nccl.lv\/\" target=\"_blank\" rel=\"noopener\">\n                                <div class=\"logo-card\">\n                    <div class=\"logo-image-wrapper\">\n                        <img decoding=\"async\" src=\"https:\/\/dariapureschool.com\/wp-content\/uploads\/2025\/11\/nccl-1.svg\" alt=\"NCCL\" class=\"logo-image\">\n                    <\/div>\n                    <div class=\"logo-info\">\n                        <div class=\"logo-title\">NCCL<\/div>\n                        <div class=\"logo-description\">Det nasjonale senteret for oppl\u00e6ring og kompetanseutvikling (NCCL). Studentene v\u00e5re samarbeider med NCCL gjennom programmer for tilpasning, kompetanseheving og dokumentasjon av ferdigheter for arbeid i Norge.<\/div>\n                    <\/div>\n                <\/div>\n                                <\/a>\n                            <\/div>\n                    <\/div>\n    <\/div>\n    \n\n\n\n<p><\/p>\n","protected":false},"excerpt":{"rendered":"","protected":false},"author":1,"featured_media":0,"parent":0,"menu_order":0,"comment_status":"closed","ping_status":"closed","template":"","meta":{"_acf_changed":false,"footnotes":""},"class_list":["post-825","page","type-page","status-publish","hentry"],"acf":[],"aioseo_notices":[],"_links":{"self":[{"href":"https:\/\/dariapureschool.com\/no\/wp-json\/wp\/v2\/pages\/825","targetHints":{"allow":["GET"]}}],"collection":[{"href":"https:\/\/dariapureschool.com\/no\/wp-json\/wp\/v2\/pages"}],"about":[{"href":"https:\/\/dariapureschool.com\/no\/wp-json\/wp\/v2\/types\/page"}],"author":[{"embeddable":true,"href":"https:\/\/dariapureschool.com\/no\/wp-json\/wp\/v2\/users\/1"}],"replies":[{"embeddable":true,"href":"https:\/\/dariapureschool.com\/no\/wp-json\/wp\/v2\/comments?post=825"}],"version-history":[{"count":31,"href":"https:\/\/dariapureschool.com\/no\/wp-json\/wp\/v2\/pages\/825\/revisions"}],"predecessor-version":[{"id":1692,"href":"https:\/\/dariapureschool.com\/no\/wp-json\/wp\/v2\/pages\/825\/revisions\/1692"}],"wp:attachment":[{"href":"https:\/\/dariapureschool.com\/no\/wp-json\/wp\/v2\/media?parent=825"}],"curies":[{"name":"wp","href":"https:\/\/api.w.org\/{rel}","templated":true}]}}