{"id":837,"date":"2025-11-21T14:16:30","date_gmt":"2025-11-21T11:16:30","guid":{"rendered":"https:\/\/dariapureschool.com\/om-skolen\/"},"modified":"2025-11-21T20:25:39","modified_gmt":"2025-11-21T17:25:39","slug":"om-skolen","status":"publish","type":"page","link":"https:\/\/dariapureschool.com\/no\/om-skolen\/","title":{"rendered":"Om skolen"},"content":{"rendered":"\r\n<p>&nbsp;<\/p>\r\n<p>&nbsp;<\/p>\r\n<p>&nbsp;<\/p>\r\n<p><style>\r\n        .about-block-full {\r\n            width: 100%;\r\n            max-width: 100%;\r\n            margin: 0 auto;\r\n        }\r\n        .about-block-inner {\r\n            width: 100%;\r\n            max-width: 1320px;\r\n            margin: 0 auto;\r\n            padding: 0;\r\n            box-sizing: border-box;\r\n        }\r\n        .about-hero {\r\n            margin-top: 30px;\r\n        }\r\n        .about-hero .full-img {\r\n            position: relative;\r\n        }\r\n        .about-hero .full-img img {\r\n            width: 100%;\r\n            display: block;\r\n            border-radius: 16px;\r\n        }\r\n        .about-hero .hero-overlay {\r\n            position: absolute;\r\n            bottom: 30px;\r\n            left: 30px;\r\n            width: min(100%, 480px);\r\n            background: #fff;\r\n            border-radius: 12px;\r\n            padding: 20px 24px;\r\n            font-size: 18px;\r\n            line-height: 1.4;\r\n            color: #1E1819;\r\n            font-weight: 500;\r\n            text-align: left;\r\n            box-shadow: 0 10px 25px rgba(0, 0, 0, 0.12);\r\n        }\r\n        .about-hero .hero-overlay-title {\r\n            display: block;\r\n            font-size: 36px;\r\n            line-height: 1.1;\r\n            margin-bottom: 20px;\r\n            font-weight: 600;\r\n        }\r\n        .about-hero .hero-overlay-description {\r\n            display: block;\r\n        }\r\n        .about-hero .hero-overlay-description p {\r\n            margin: 0 0 12px;\r\n        }\r\n        .about-hero .hero-overlay-description p:last-child {\r\n            margin-bottom: 0;\r\n        }\r\n        .about-hero .hero-overlay-signature {\r\n            margin-top: 16px;\r\n            padding-top: 16px;\r\n            border-top: 1px solid rgba(30, 24, 25, 0.1);\r\n        }\r\n        .about-hero .hero-overlay-signature-title {\r\n            font-size: 14px;\r\n            line-height: 1.4;\r\n            color: #656565;\r\n            margin-bottom: 4px;\r\n        }\r\n        .about-hero .hero-overlay-signature-name {\r\n            font-size: 18px;\r\n            line-height: 1.4;\r\n            font-weight: 600;\r\n            color: #1E1819;\r\n        }\r\n        .about-hero .about-block-inner {\r\n            margin-bottom: 20px;\r\n        }\r\n        .about-section {\r\n            background: #fff;\r\n            border-radius: 16px;\r\n            padding: 30px;\r\n            margin: 0 0 20px;\r\n        }\r\n        .about-feature {\r\n            display: flex;\r\n            flex-wrap: wrap;\r\n            gap: 20px;\r\n            align-items: center;\r\n        }\r\n        .about-feature-image,\r\n        .about-feature-content {\r\n            flex: 0 0 calc(50% - 10px);\r\n            box-sizing: border-box;\r\n        }\r\n        .about-feature-content {\r\n            width: 100%;\r\n            max-width: 460px;\r\n            margin: 0 auto;\r\n            display: flex;\r\n            flex-direction: column;\r\n            align-items: center;\r\n            justify-content: center;\r\n            text-align: center;\r\n        }\r\n        .about-feature-image {\r\n            width: calc(50% - 10px);\r\n            display: flex;\r\n            justify-content: flex-start;\r\n        }\r\n        .about-feature-photo {\r\n            width: 100%;\r\n            height: 260px;\r\n            object-fit: cover;\r\n            border-radius: 12px;\r\n            display: block;\r\n        }\r\n        .about-feature-title {\r\n            font-size: 28px;\r\n            line-height: 1.2;\r\n            font-weight: 600;\r\n            margin: 0 0 16px;\r\n            text-align: center;\r\n        }\r\n        .about-feature-text {\r\n            font-size: 18px;\r\n            line-height: 1.5;\r\n            color: #1E1819;\r\n            margin: 0;\r\n            text-align: center;\r\n        }\r\n        @media (max-width: 820px) {\r\n            .about-section {\r\n                padding: 20px;\r\n                border-radius: 12px;\r\n            }\r\n            .about-feature-title {\r\n                font-size: 24px;\r\n            }\r\n            .about-feature-image,\r\n            .about-feature-content {\r\n                flex: 0 0 100%;\r\n                width: 100%;\r\n            }\r\n            .about-feature-photo {\r\n                height: 220px;\r\n                max-width: 100%;\r\n            }\r\n            .about-hero .hero-overlay {\r\n                position: static;\r\n                width: 100%;\r\n                margin: 12px 0 0;\r\n                padding: 16px 18px;\r\n                font-size: 18px;\r\n                box-shadow: none;\r\n                text-align: center;\r\n            }\r\n            .about-hero .hero-overlay-title {\r\n                font-size: 28px;\r\n                margin-bottom: 8px;\r\n                text-align: center;\r\n            }\r\n            .about-hero .hero-overlay-description {\r\n                text-align: center;\r\n            }\r\n            .about-hero .hero-overlay-description p {\r\n                text-align: center;\r\n            }\r\n            .about-hero .hero-overlay-signature {\r\n                margin-top: 12px;\r\n                padding-top: 12px;\r\n                text-align: center;\r\n            }\r\n            .about-hero .hero-overlay-signature-title {\r\n                font-size: 13px;\r\n                text-align: center;\r\n            }\r\n            .about-hero .hero-overlay-signature-name {\r\n                font-size: 16px;\r\n                text-align: center;\r\n            }\r\n        }\r\n    <\/style><\/p>\r\n<div class=\"wrapper\">\r\n<div class=\"about-block-full about-hero\">\r\n<div class=\"about-block-inner\">\r\n<div class=\"full-img\"><picture> <source srcset=\"\/wp-content\/uploads\/2025\/11\/daria-pure-school-about-right.webp\" media=\"(min-width: 821px)\" \/> <img decoding=\"async\" src=\"\/wp-content\/uploads\/2025\/11\/daria-pure-school-about.webp\" alt=\"Daria Pure School\" \/> <\/picture>\r\n<div class=\"hero-overlay\">\r\n<div class=\"hero-overlay-title\">Daria Pure School<\/div>\r\n<div class=\"hero-overlay-description\">\r\n<p>Skolen v\u00e5r har i mange \u00e5r hjulpet studenter med \u00e5 l\u00e6re norsk trygt og sikkert, finne sin plass i Norge og bevege seg mot m\u00e5lene sine uten tvil og usikkerhet.<\/p>\r\n<p>Vi underviser slik at kunnskapen blir et st\u00f8ttepunkt i hverdagen, i arbeidet og i kommunikasjonen, og at veien videre f\u00f8les tydelig og oppn\u00e5elig.<\/p>\r\n<\/div>\r\n<div class=\"hero-overlay-signature\">\r\n<div class=\"hero-overlay-signature-title\">Leder og grunnlegger av skolen<\/div>\r\n<div class=\"hero-overlay-signature-name\">DARIA PURE<\/div>\r\n<\/div>\r\n<\/div>\r\n<\/div>\r\n<\/div>\r\n<\/div>\r\n<div class=\"about-block-full\">\r\n<div class=\"about-block-inner\">\r\n<section class=\"about-section\">\r\n<div class=\"about-feature\">\r\n<div class=\"about-feature-image\"><img decoding=\"async\" class=\"about-feature-photo\" src=\"\/wp-content\/uploads\/2025\/11\/pure-school-history-office-photo.webp\" alt=\"\u041e\u043f\u044b\u0442 \u0441 2007 \u0433\u043e\u0434\u0430\" \/><\/div>\r\n<div class=\"about-feature-content\">\r\n<h2 class=\"about-feature-title\">Erfaring siden 2007<\/h2>\r\n<p class=\"about-feature-text\">Skolen v\u00e5r har v\u00e6rt i drift siden 2007 og spesialiserer seg p\u00e5 norskoppl\u00e6ring for russisktalende og latvisktalende studenter.<\/p>\r\n<\/div>\r\n<\/div>\r\n<\/section>\r\n<\/div>\r\n<\/div>\r\n<div class=\"about-block-full\">\r\n<div class=\"about-block-inner\">\r\n<section class=\"about-section\">\r\n<div class=\"about-feature\">\r\n<div class=\"about-feature-image\"><img decoding=\"async\" class=\"about-feature-photo\" src=\"\/wp-content\/uploads\/2025\/11\/certificate-gold-membership-pure-school-2024.webp\" alt=\"\u0410\u043a\u043a\u0440\u0435\u0434\u0438\u0442\u0430\u0446\u0438\u044f \u0448\u043a\u043e\u043b\u044b\" \/><\/div>\r\n<div class=\"about-feature-content\">\r\n<h2 class=\"about-feature-title\">Akkreditert av norske myndigheter<\/h2>\r\n<p class=\"about-feature-text\">I juli 2024 fikk vi akkreditering fra Direktoratet for h\u00f8yere utdanning og kompetanse, noe som bekrefter kvaliteten p\u00e5 programmene v\u00e5re og at de oppfyller norske utdanningsstandarder.<\/p>\r\n<\/div>\r\n<\/div>\r\n<\/section>\r\n<\/div>\r\n<\/div>\r\n<div class=\"about-block-full\">\r\n<div class=\"about-block-inner\">\r\n<section class=\"about-section\">\r\n<div class=\"about-feature\">\r\n<div class=\"about-feature-image\"><img decoding=\"async\" class=\"about-feature-photo\" src=\"\/wp-content\/uploads\/2025\/11\/daria-pure-school-norway-language-courses.webp\" alt=\"\u0420\u0435\u0437\u0443\u043b\u044c\u0442\u0430\u0442\u044b \u043e\u0431\u0443\u0447\u0435\u043d\u0438\u044f\" \/><\/div>\r\n<div class=\"about-feature-content\">\r\n<h2 class=\"about-feature-title\">En leder innen norskoppl\u00e6ring<\/h2>\r\n<p class=\"about-feature-text\">I dag regnes skolen som en av lederne p\u00e5 markedet for norskoppl\u00e6ring og hjelper studentene med \u00e5 utvikle seg trygt fra begynnerniv\u00e5 til solid spr\u00e5klig mestring.<\/p>\r\n<\/div>\r\n<\/div>\r\n<\/section>\r\n<\/div>\r\n<\/div>\r\n<\/div>\r\n","protected":false},"excerpt":{"rendered":"<p>&nbsp; &nbsp; &nbsp; Daria Pure School Skolen v\u00e5r har i mange \u00e5r hjulpet studenter med \u00e5 l\u00e6re norsk trygt og sikkert, finne sin plass i Norge og bevege seg mot m\u00e5lene sine uten tvil og usikkerhet. Vi underviser slik at kunnskapen blir et st\u00f8ttepunkt i hverdagen, i arbeidet og i kommunikasjonen, og at veien videre [&hellip;]<\/p>\n","protected":false},"author":1,"featured_media":0,"parent":0,"menu_order":0,"comment_status":"closed","ping_status":"closed","template":"","meta":{"_acf_changed":false,"footnotes":""},"class_list":["post-837","page","type-page","status-publish","hentry"],"acf":[],"aioseo_notices":[],"_links":{"self":[{"href":"https:\/\/dariapureschool.com\/no\/wp-json\/wp\/v2\/pages\/837","targetHints":{"allow":["GET"]}}],"collection":[{"href":"https:\/\/dariapureschool.com\/no\/wp-json\/wp\/v2\/pages"}],"about":[{"href":"https:\/\/dariapureschool.com\/no\/wp-json\/wp\/v2\/types\/page"}],"author":[{"embeddable":true,"href":"https:\/\/dariapureschool.com\/no\/wp-json\/wp\/v2\/users\/1"}],"replies":[{"embeddable":true,"href":"https:\/\/dariapureschool.com\/no\/wp-json\/wp\/v2\/comments?post=837"}],"version-history":[{"count":8,"href":"https:\/\/dariapureschool.com\/no\/wp-json\/wp\/v2\/pages\/837\/revisions"}],"predecessor-version":[{"id":844,"href":"https:\/\/dariapureschool.com\/no\/wp-json\/wp\/v2\/pages\/837\/revisions\/844"}],"wp:attachment":[{"href":"https:\/\/dariapureschool.com\/no\/wp-json\/wp\/v2\/media?parent=837"}],"curies":[{"name":"wp","href":"https:\/\/api.w.org\/{rel}","templated":true}]}}