{"id":939,"date":"2025-10-06T22:37:10","date_gmt":"2025-10-06T19:37:10","guid":{"rendered":"https:\/\/dariapureschool.com\/norskkurs\/ukategorisert\/a2-uverennyj-shag-v-izuchenii-norvezhskogo-yazyka\/"},"modified":"2025-11-22T01:54:25","modified_gmt":"2025-11-21T22:54:25","slug":"a2-sikkert-skritt-i-norsk","status":"publish","type":"product","link":"https:\/\/dariapureschool.com\/no\/norskkurs\/norsk-for-nybegynnere-a1-1-a2\/a2-sikkert-skritt-i-norsk\/","title":{"rendered":"A2 &#8211; et sikkert skritt i \u00e5 l\u00e6re norsk."},"content":{"rendered":"<p>G\u00e5 over til reell kommunikasjon: beskriv planer, hendelser, steder og situasjoner. Forst\u00e5 enkle tekster og dialoger ved lytting.<\/p>\n","protected":false},"excerpt":{"rendered":"<p class=\"p1\">G\u00e5 over til reell kommunikasjon: beskriv planer, hendelser, steder og situasjoner. Forst\u00e5 enkle tekster og dialoger ved lytting.<\/p>\n","protected":false},"featured_media":941,"template":"woocommerce\/single-product-custom.php","meta":{"_acf_changed":false},"product_brand":[],"product_cat":[175],"product_tag":[],"class_list":{"0":"post-939","1":"product","2":"type-product","3":"status-publish","4":"has-post-thumbnail","6":"product_cat-norsk-for-nybegynnere-a1-1-a2","8":"first","9":"instock","10":"virtual","11":"purchasable","12":"product-type-simple"},"acf":[],"aioseo_notices":[],"_links":{"self":[{"href":"https:\/\/dariapureschool.com\/no\/wp-json\/wp\/v2\/product\/939","targetHints":{"allow":["GET"]}}],"collection":[{"href":"https:\/\/dariapureschool.com\/no\/wp-json\/wp\/v2\/product"}],"about":[{"href":"https:\/\/dariapureschool.com\/no\/wp-json\/wp\/v2\/types\/product"}],"wp:featuredmedia":[{"embeddable":true,"href":"https:\/\/dariapureschool.com\/no\/wp-json\/wp\/v2\/media\/941"}],"wp:attachment":[{"href":"https:\/\/dariapureschool.com\/no\/wp-json\/wp\/v2\/media?parent=939"}],"wp:term":[{"taxonomy":"product_brand","embeddable":true,"href":"https:\/\/dariapureschool.com\/no\/wp-json\/wp\/v2\/product_brand?post=939"},{"taxonomy":"product_cat","embeddable":true,"href":"https:\/\/dariapureschool.com\/no\/wp-json\/wp\/v2\/product_cat?post=939"},{"taxonomy":"product_tag","embeddable":true,"href":"https:\/\/dariapureschool.com\/no\/wp-json\/wp\/v2\/product_tag?post=939"}],"curies":[{"name":"wp","href":"https:\/\/api.w.org\/{rel}","templated":true}]}}